{"id":9,"date":"2017-12-22T19:08:58","date_gmt":"2017-12-22T18:08:58","guid":{"rendered":"http:\/\/svswm-modellbahn.de\/?page_id=9"},"modified":"2021-08-30T03:42:25","modified_gmt":"2021-08-30T01:42:25","slug":"9-2","status":"publish","type":"page","link":"https:\/\/svswm-modellbahn.de\/home\/","title":{"rendered":""},"content":{"rendered":"\n<div class=\"wp-block-image\"><figure class=\"aligncenter size-large is-resized\"><img loading=\"lazy\" decoding=\"async\" src=\"http:\/\/svswm-modellbahn.de\/wp-content\/uploads\/2019\/03\/LOGO-Lang-mitte-1024x117.png\" alt=\"\" class=\"wp-image-584\" width=\"385\" height=\"43\" srcset=\"https:\/\/svswm-modellbahn.de\/wp-content\/uploads\/2019\/03\/LOGO-Lang-mitte-1024x117.png 1024w, https:\/\/svswm-modellbahn.de\/wp-content\/uploads\/2019\/03\/LOGO-Lang-mitte-300x34.png 300w, https:\/\/svswm-modellbahn.de\/wp-content\/uploads\/2019\/03\/LOGO-Lang-mitte-768x88.png 768w, https:\/\/svswm-modellbahn.de\/wp-content\/uploads\/2019\/03\/LOGO-Lang-mitte-600x69.png 600w, https:\/\/svswm-modellbahn.de\/wp-content\/uploads\/2019\/03\/LOGO-Lang-mitte.png 1400w\" sizes=\"auto, (max-width: 385px) 100vw, 385px\" \/><\/figure><\/div>\n\n\n\n<p class=\"has-text-align-center has-black-color has-text-color\" id=\"wp-block-themeisle-blocks-font-awesome-icons-5bcdb6cc\" style=\"font-size:26px\">Die Abteilung Modelleisenbahn des SV Stadtwerke M\u00fcnchen bietet die M\u00f6glichkeit mit Spiel- und Bastelspa\u00df dem Alltag zu entfliehen und den ein oder anderen Kindheitstraum einer riesigen Modellbahnanlage zusammen mit anderen Modellbahnbegeisterten zu erf\u00fcllen.<\/p>\n\n\n\n<p class=\"has-text-align-center has-black-color has-text-color\" id=\"wp-block-themeisle-blocks-advanced-heading-d3b906ba\" style=\"font-size:18px\">Auf diesen Seiten bieten wir dir Informationen \u00fcber den <a href=\"http:\/\/svswm-modellbahn.de\/home\/verein\/\">Verein<\/a> und die <a href=\"http:\/\/svswm-modellbahn.de\/home\/die-anlage\/\">Anlage<\/a>. Es bietet sich ein umfangreicher Blick auf die <a href=\"http:\/\/svswm-modellbahn.de\/home\/die-anlage\/technik\/\">Technik<\/a>, die <a href=\"http:\/\/svswm-modellbahn.de\/home\/die-anlage\/historie\/\">Historie<\/a> und den aktuellen <a href=\"http:\/\/svswm-modellbahn.de\/home\/news\/\">Baufortschritt<\/a> der Anlage. Zudem Informieren wir hier auch \u00fcber Themen, die nicht die Anlage betreffen.<\/p>\n\n\n\n<div class=\"wp-block-image\"><figure class=\"aligncenter size-large is-resized\"><img loading=\"lazy\" decoding=\"async\" src=\"http:\/\/svswm-modellbahn.de\/wp-content\/uploads\/2019\/03\/LOGO-Lang-mitte-1024x117.png\" alt=\"\" class=\"wp-image-584\" width=\"385\" height=\"43\" srcset=\"https:\/\/svswm-modellbahn.de\/wp-content\/uploads\/2019\/03\/LOGO-Lang-mitte-1024x117.png 1024w, https:\/\/svswm-modellbahn.de\/wp-content\/uploads\/2019\/03\/LOGO-Lang-mitte-300x34.png 300w, https:\/\/svswm-modellbahn.de\/wp-content\/uploads\/2019\/03\/LOGO-Lang-mitte-768x88.png 768w, https:\/\/svswm-modellbahn.de\/wp-content\/uploads\/2019\/03\/LOGO-Lang-mitte-600x69.png 600w, https:\/\/svswm-modellbahn.de\/wp-content\/uploads\/2019\/03\/LOGO-Lang-mitte.png 1400w\" sizes=\"auto, (max-width: 385px) 100vw, 385px\" \/><\/figure><\/div>\n\n\n\n<div class=\"alignnormal\"><div id=\"metaslider-id-801\" style=\"width: 100%;\" class=\"ml-slider-3-99-0 metaslider metaslider-flex metaslider-801 ml-slider ms-theme-default\" role=\"region\" aria-label=\"Startseite\" data-width=\"700\">\n    <div id=\"metaslider_container_801\">\n        <div id=\"metaslider_801\">\n            <ul class='slides'>\n                <li style=\"display: block; width: 100%;\" class=\"slide-802 ms-image \" aria-roledescription=\"slide\" data-date=\"2021-08-29 02:11:15\"><img loading=\"lazy\" decoding=\"async\" src=\"https:\/\/svswm-modellbahn.de\/wp-content\/uploads\/2020\/02\/cropped-DSC_0025-4-1-700x400.jpg\" height=\"400\" width=\"700\" alt=\"\" class=\"slider-801 slide-802 msDefaultImage\" title=\"cropped-DSC_0025-4-1.jpg\" \/><\/li>\n                <li style=\"display: none; width: 100%;\" class=\"slide-803 ms-image \" aria-roledescription=\"slide\" data-date=\"2021-08-29 02:11:15\"><img loading=\"lazy\" decoding=\"async\" src=\"https:\/\/svswm-modellbahn.de\/wp-content\/uploads\/2020\/02\/DSC_0062-2-700x400.jpg\" height=\"400\" width=\"700\" alt=\"\" class=\"slider-801 slide-803 msDefaultImage\" title=\"DSC_0062-2\" \/><\/li>\n                <li style=\"display: none; width: 100%;\" class=\"slide-804 ms-image \" aria-roledescription=\"slide\" data-date=\"2021-08-29 02:11:15\"><img loading=\"lazy\" decoding=\"async\" src=\"https:\/\/svswm-modellbahn.de\/wp-content\/uploads\/2019\/03\/WhatsApp-Image-2019-03-05-at-20.33.14-700x400.jpeg\" height=\"400\" width=\"700\" alt=\"\" class=\"slider-801 slide-804 msDefaultImage\" title=\"WhatsApp Image 2019-03-05 at 20.33.14\" \/><\/li>\n                <li style=\"display: none; width: 100%;\" class=\"slide-805 ms-image \" aria-roledescription=\"slide\" data-date=\"2021-08-29 02:11:15\"><img loading=\"lazy\" decoding=\"async\" src=\"https:\/\/svswm-modellbahn.de\/wp-content\/uploads\/2019\/03\/WhatsApp-Image-2019-03-05-at-20.33.141-700x400.jpeg\" height=\"400\" width=\"700\" alt=\"\" class=\"slider-801 slide-805 msDefaultImage\" title=\"WhatsApp Image 2019-03-05 at 20.33.14(1)\" \/><\/li>\n                <li style=\"display: none; width: 100%;\" class=\"slide-806 ms-image \" aria-roledescription=\"slide\" data-date=\"2021-08-29 02:11:15\"><img loading=\"lazy\" decoding=\"async\" src=\"https:\/\/svswm-modellbahn.de\/wp-content\/uploads\/2019\/03\/WhatsApp-Image-2019-03-05-at-20.33.055-700x400.jpeg\" height=\"400\" width=\"700\" alt=\"\" class=\"slider-801 slide-806 msDefaultImage\" title=\"WhatsApp Image 2019-03-05 at 20.33.05(5)\" \/><\/li>\n                <li style=\"display: none; width: 100%;\" class=\"slide-807 ms-image \" aria-roledescription=\"slide\" data-date=\"2021-08-29 02:11:15\"><img loading=\"lazy\" decoding=\"async\" src=\"https:\/\/svswm-modellbahn.de\/wp-content\/uploads\/2019\/03\/WhatsApp-Image-2019-03-05-at-20.33.057-700x400.jpeg\" height=\"400\" width=\"700\" alt=\"\" class=\"slider-801 slide-807 msDefaultImage\" title=\"WhatsApp Image 2019-03-05 at 20.33.05(7)\" \/><\/li>\n                <li style=\"display: none; width: 100%;\" class=\"slide-808 ms-image \" aria-roledescription=\"slide\" data-date=\"2021-08-29 02:11:15\"><img loading=\"lazy\" decoding=\"async\" src=\"https:\/\/svswm-modellbahn.de\/wp-content\/uploads\/2019\/03\/WhatsApp-Image-2019-03-05-at-20.33.051-700x400.jpeg\" height=\"400\" width=\"700\" alt=\"\" class=\"slider-801 slide-808 msDefaultImage\" title=\"WhatsApp Image 2019-03-05 at 20.33.05(1)\" \/><\/li>\n                <li style=\"display: none; width: 100%;\" class=\"slide-809 ms-image \" aria-roledescription=\"slide\" data-date=\"2021-08-29 02:11:15\"><img loading=\"lazy\" decoding=\"async\" src=\"https:\/\/svswm-modellbahn.de\/wp-content\/uploads\/2020\/02\/DSC_0027-2-700x400.jpg\" height=\"400\" width=\"700\" alt=\"\" class=\"slider-801 slide-809 msDefaultImage\" title=\"DSC_0027-2\" \/><\/li>\n            <\/ul>\n        <\/div>\n        \n    <\/div>\n<\/div><\/div>\n\n\n\n<div class=\"wp-block-columns has-black-color has-text-color is-layout-flex wp-container-core-columns-is-layout-28f84493 wp-block-columns-is-layout-flex\">\n<div class=\"wp-block-column is-layout-flow wp-block-column-is-layout-flow\" style=\"flex-basis:325px\">\n<h2 class=\"has-text-align-center wp-block-heading\">Die Anlage<\/h2>\n\n\n\n<p class=\"has-text-align-center has-black-color has-text-color\">Unsere Anlage, die sich bereits seit 1999 befindet stellt im Ma\u00dfstab 1 zu 87 das Altm\u00fchltal der Eboche IV nach. Besonderer Schwepunkt liegt dabei auf den Bahnh\u00f6fen Treuchtlingen und Eichst\u00e4tt Bahnhof. Zudem bietet unsere Anlage ein unfangreiches Netz an Strecken und Bahnh\u00f6fen, die im Endzustand nicht sichbar seien werden.<br><\/p>\n\n\n\n<p class=\"has-text-align-center\">Weitere spannende Daten und Fakten findest du <a href=\"https:\/\/svswm-modellbahn.de\/home\/die-anlage\/\">hier<\/a>.<\/p>\n<\/div>\n\n\n\n<div class=\"wp-block-column is-layout-flow wp-block-column-is-layout-flow\" style=\"flex-basis:600px\">\n<h2 class=\"has-text-align-center wp-block-heading\">Der Mehrgenerationenverein<\/h2>\n\n\n\n<p class=\"has-text-align-center has-black-color has-text-color\">In unserem Verein sind alle ab 13 Jahren willkommen. Momentan sind wir dabei eine Jugendabteilung aufzubauen um unsere jungen Mitglieder ein noch besseres Angebot an Bau-Workshops und Fahrtagen bieten zu k\u00f6nnen.<\/p>\n<\/div>\n\n\n\n<div class=\"wp-block-column is-vertically-aligned-top is-layout-flow wp-block-column-is-layout-flow\" style=\"flex-basis:325px\">\n<h2 class=\"has-text-align-center wp-block-heading\">Die Technik<\/h2>\n\n\n\n<p class=\"has-text-align-center has-black-color has-text-color\">Die Technik, die hinter unserer Anlage steckt ist ziemlich einmalig. Wir steuern unsere analoge Anlage zum Teil \u00fcber einen Computer und zum anderen Teil \u00fcber eine eigens entwickelte analoge Fahrsteuerung. Im Endzustand soll die Steuerung der Anlage sowohl \u00fcber ein Drucktastenstellwerk als auch \u00fcber ein Elektronisches Stellwerk m\u00f6glich sein.<\/p>\n\n\n\n<p class=\"has-text-align-center\">Weitere spannende Informationen zu der Technik unserer Anlage findest du <a href=\"https:\/\/svswm-modellbahn.de\/home\/die-anlage\/technik\/\">hier<\/a>.<\/p>\n<\/div>\n<\/div>\n","protected":false},"excerpt":{"rendered":"<p>Die Abteilung Modelleisenbahn des SV Stadtwerke M\u00fcnchen bietet die M\u00f6glichkeit mit Spiel- und Bastelspa\u00df dem Alltag zu entfliehen und den ein oder anderen Kindheitstraum einer riesigen Modellbahnanlage zusammen mit anderen Modellbahnbegeisterten zu erf\u00fcllen. Auf diesen Seiten bieten wir dir Informationen \u00fcber den Verein und die Anlage. Es bietet sich ein [&hellip;]<\/p>\n","protected":false},"author":1,"featured_media":0,"parent":0,"menu_order":0,"comment_status":"closed","ping_status":"closed","template":"","meta":{"footnotes":""},"class_list":["post-9","page","type-page","status-publish","hentry"],"yoast_head":"<!-- This site is optimized with the Yoast SEO plugin v25.4 - https:\/\/yoast.com\/wordpress\/plugins\/seo\/ -->\n<title>Modelleisenbahn SV Stadtwerke M\u00fcnchen --MEC SWM--<\/title>\n<meta name=\"description\" content=\"---- Sportverein Stadtwerke M\u00fcnchen e.V. Abteilung Modelleisenbahn ---- Modelleisenbahnclub Stadtwerke M\u00fcnchen --MEC SWM--\" \/>\n<meta name=\"robots\" content=\"index, follow, max-snippet:-1, max-image-preview:large, max-video-preview:-1\" \/>\n<link rel=\"canonical\" href=\"https:\/\/svswm-modellbahn.de\/home\/\" \/>\n<meta property=\"og:locale\" content=\"de_DE\" \/>\n<meta property=\"og:type\" content=\"article\" \/>\n<meta property=\"og:title\" content=\"Modelleisenbahn SV Stadtwerke M\u00fcnchen --MEC SWM--\" \/>\n<meta property=\"og:description\" content=\"---- Sportverein Stadtwerke M\u00fcnchen e.V. Abteilung Modelleisenbahn ---- Modelleisenbahnclub Stadtwerke M\u00fcnchen --MEC SWM--\" \/>\n<meta property=\"og:url\" content=\"https:\/\/svswm-modellbahn.de\/home\/\" \/>\n<meta property=\"og:site_name\" content=\"Modelleisenbahn\" \/>\n<meta property=\"article:modified_time\" content=\"2021-08-30T01:42:25+00:00\" \/>\n<meta property=\"og:image\" content=\"http:\/\/svswm-modellbahn.de\/wp-content\/uploads\/2019\/03\/LOGO-Lang-mitte-1024x117.png\" \/>\n<meta name=\"twitter:card\" content=\"summary_large_image\" \/>\n<meta name=\"twitter:label1\" content=\"Gesch\u00e4tzte Lesezeit\" \/>\n\t<meta name=\"twitter:data1\" content=\"2\u00a0Minuten\" \/>\n<script type=\"application\/ld+json\" class=\"yoast-schema-graph\">{\"@context\":\"https:\/\/schema.org\",\"@graph\":[{\"@type\":\"WebPage\",\"@id\":\"https:\/\/svswm-modellbahn.de\/home\/\",\"url\":\"https:\/\/svswm-modellbahn.de\/home\/\",\"name\":\"Modelleisenbahn SV Stadtwerke M\u00fcnchen --MEC SWM--\",\"isPartOf\":{\"@id\":\"https:\/\/svswm-modellbahn.de\/home\/#website\"},\"primaryImageOfPage\":{\"@id\":\"https:\/\/svswm-modellbahn.de\/home\/#primaryimage\"},\"image\":{\"@id\":\"https:\/\/svswm-modellbahn.de\/home\/#primaryimage\"},\"thumbnailUrl\":\"http:\/\/svswm-modellbahn.de\/wp-content\/uploads\/2019\/03\/LOGO-Lang-mitte-1024x117.png\",\"datePublished\":\"2017-12-22T18:08:58+00:00\",\"dateModified\":\"2021-08-30T01:42:25+00:00\",\"description\":\"---- Sportverein Stadtwerke M\u00fcnchen e.V. Abteilung Modelleisenbahn ---- Modelleisenbahnclub Stadtwerke M\u00fcnchen --MEC SWM--\",\"inLanguage\":\"de\",\"potentialAction\":[{\"@type\":\"ReadAction\",\"target\":[\"https:\/\/svswm-modellbahn.de\/home\/\"]}]},{\"@type\":\"ImageObject\",\"inLanguage\":\"de\",\"@id\":\"https:\/\/svswm-modellbahn.de\/home\/#primaryimage\",\"url\":\"http:\/\/svswm-modellbahn.de\/wp-content\/uploads\/2019\/03\/LOGO-Lang-mitte-1024x117.png\",\"contentUrl\":\"http:\/\/svswm-modellbahn.de\/wp-content\/uploads\/2019\/03\/LOGO-Lang-mitte-1024x117.png\"},{\"@type\":\"WebSite\",\"@id\":\"https:\/\/svswm-modellbahn.de\/home\/#website\",\"url\":\"https:\/\/svswm-modellbahn.de\/home\/\",\"name\":\"Modelleisenbahn\",\"description\":\"SV Stadtwerke M\u00fcnchen e.V.\",\"publisher\":{\"@id\":\"https:\/\/svswm-modellbahn.de\/home\/#organization\"},\"potentialAction\":[{\"@type\":\"SearchAction\",\"target\":{\"@type\":\"EntryPoint\",\"urlTemplate\":\"https:\/\/svswm-modellbahn.de\/home\/?s={search_term_string}\"},\"query-input\":{\"@type\":\"PropertyValueSpecification\",\"valueRequired\":true,\"valueName\":\"search_term_string\"}}],\"inLanguage\":\"de\"},{\"@type\":\"Organization\",\"@id\":\"https:\/\/svswm-modellbahn.de\/home\/#organization\",\"name\":\"Abteilung Modelleisenbahn SV Stadtwerke M\u00fcnchen e.V.\",\"url\":\"https:\/\/svswm-modellbahn.de\/home\/\",\"logo\":{\"@type\":\"ImageObject\",\"inLanguage\":\"de\",\"@id\":\"https:\/\/svswm-modellbahn.de\/home\/#\/schema\/logo\/image\/\",\"url\":\"http:\/\/svswm-modellbahn.de\/wp-content\/uploads\/2017\/12\/sv-stadtwerke-logo.png\",\"contentUrl\":\"http:\/\/svswm-modellbahn.de\/wp-content\/uploads\/2017\/12\/sv-stadtwerke-logo.png\",\"width\":129,\"height\":150,\"caption\":\"Abteilung Modelleisenbahn SV Stadtwerke M\u00fcnchen e.V.\"},\"image\":{\"@id\":\"https:\/\/svswm-modellbahn.de\/home\/#\/schema\/logo\/image\/\"},\"sameAs\":[\"https:\/\/www.instagram.com\/ssm_modellbahnclub_muenchen\/\"]}]}<\/script>\n<!-- \/ Yoast SEO plugin. -->","yoast_head_json":{"title":"Modelleisenbahn SV Stadtwerke M\u00fcnchen --MEC SWM--","description":"---- Sportverein Stadtwerke M\u00fcnchen e.V. Abteilung Modelleisenbahn ---- Modelleisenbahnclub Stadtwerke M\u00fcnchen --MEC SWM--","robots":{"index":"index","follow":"follow","max-snippet":"max-snippet:-1","max-image-preview":"max-image-preview:large","max-video-preview":"max-video-preview:-1"},"canonical":"https:\/\/svswm-modellbahn.de\/home\/","og_locale":"de_DE","og_type":"article","og_title":"Modelleisenbahn SV Stadtwerke M\u00fcnchen --MEC SWM--","og_description":"---- Sportverein Stadtwerke M\u00fcnchen e.V. Abteilung Modelleisenbahn ---- Modelleisenbahnclub Stadtwerke M\u00fcnchen --MEC SWM--","og_url":"https:\/\/svswm-modellbahn.de\/home\/","og_site_name":"Modelleisenbahn","article_modified_time":"2021-08-30T01:42:25+00:00","og_image":[{"url":"http:\/\/svswm-modellbahn.de\/wp-content\/uploads\/2019\/03\/LOGO-Lang-mitte-1024x117.png","type":"","width":"","height":""}],"twitter_card":"summary_large_image","twitter_misc":{"Gesch\u00e4tzte Lesezeit":"2\u00a0Minuten"},"schema":{"@context":"https:\/\/schema.org","@graph":[{"@type":"WebPage","@id":"https:\/\/svswm-modellbahn.de\/home\/","url":"https:\/\/svswm-modellbahn.de\/home\/","name":"Modelleisenbahn SV Stadtwerke M\u00fcnchen --MEC SWM--","isPartOf":{"@id":"https:\/\/svswm-modellbahn.de\/home\/#website"},"primaryImageOfPage":{"@id":"https:\/\/svswm-modellbahn.de\/home\/#primaryimage"},"image":{"@id":"https:\/\/svswm-modellbahn.de\/home\/#primaryimage"},"thumbnailUrl":"http:\/\/svswm-modellbahn.de\/wp-content\/uploads\/2019\/03\/LOGO-Lang-mitte-1024x117.png","datePublished":"2017-12-22T18:08:58+00:00","dateModified":"2021-08-30T01:42:25+00:00","description":"---- Sportverein Stadtwerke M\u00fcnchen e.V. Abteilung Modelleisenbahn ---- Modelleisenbahnclub Stadtwerke M\u00fcnchen --MEC SWM--","inLanguage":"de","potentialAction":[{"@type":"ReadAction","target":["https:\/\/svswm-modellbahn.de\/home\/"]}]},{"@type":"ImageObject","inLanguage":"de","@id":"https:\/\/svswm-modellbahn.de\/home\/#primaryimage","url":"http:\/\/svswm-modellbahn.de\/wp-content\/uploads\/2019\/03\/LOGO-Lang-mitte-1024x117.png","contentUrl":"http:\/\/svswm-modellbahn.de\/wp-content\/uploads\/2019\/03\/LOGO-Lang-mitte-1024x117.png"},{"@type":"WebSite","@id":"https:\/\/svswm-modellbahn.de\/home\/#website","url":"https:\/\/svswm-modellbahn.de\/home\/","name":"Modelleisenbahn","description":"SV Stadtwerke M\u00fcnchen e.V.","publisher":{"@id":"https:\/\/svswm-modellbahn.de\/home\/#organization"},"potentialAction":[{"@type":"SearchAction","target":{"@type":"EntryPoint","urlTemplate":"https:\/\/svswm-modellbahn.de\/home\/?s={search_term_string}"},"query-input":{"@type":"PropertyValueSpecification","valueRequired":true,"valueName":"search_term_string"}}],"inLanguage":"de"},{"@type":"Organization","@id":"https:\/\/svswm-modellbahn.de\/home\/#organization","name":"Abteilung Modelleisenbahn SV Stadtwerke M\u00fcnchen e.V.","url":"https:\/\/svswm-modellbahn.de\/home\/","logo":{"@type":"ImageObject","inLanguage":"de","@id":"https:\/\/svswm-modellbahn.de\/home\/#\/schema\/logo\/image\/","url":"http:\/\/svswm-modellbahn.de\/wp-content\/uploads\/2017\/12\/sv-stadtwerke-logo.png","contentUrl":"http:\/\/svswm-modellbahn.de\/wp-content\/uploads\/2017\/12\/sv-stadtwerke-logo.png","width":129,"height":150,"caption":"Abteilung Modelleisenbahn SV Stadtwerke M\u00fcnchen e.V."},"image":{"@id":"https:\/\/svswm-modellbahn.de\/home\/#\/schema\/logo\/image\/"},"sameAs":["https:\/\/www.instagram.com\/ssm_modellbahnclub_muenchen\/"]}]}},"_links":{"self":[{"href":"https:\/\/svswm-modellbahn.de\/home\/wp-json\/wp\/v2\/pages\/9","targetHints":{"allow":["GET"]}}],"collection":[{"href":"https:\/\/svswm-modellbahn.de\/home\/wp-json\/wp\/v2\/pages"}],"about":[{"href":"https:\/\/svswm-modellbahn.de\/home\/wp-json\/wp\/v2\/types\/page"}],"author":[{"embeddable":true,"href":"https:\/\/svswm-modellbahn.de\/home\/wp-json\/wp\/v2\/users\/1"}],"replies":[{"embeddable":true,"href":"https:\/\/svswm-modellbahn.de\/home\/wp-json\/wp\/v2\/comments?post=9"}],"version-history":[{"count":119,"href":"https:\/\/svswm-modellbahn.de\/home\/wp-json\/wp\/v2\/pages\/9\/revisions"}],"predecessor-version":[{"id":870,"href":"https:\/\/svswm-modellbahn.de\/home\/wp-json\/wp\/v2\/pages\/9\/revisions\/870"}],"wp:attachment":[{"href":"https:\/\/svswm-modellbahn.de\/home\/wp-json\/wp\/v2\/media?parent=9"}],"curies":[{"name":"wp","href":"https:\/\/api.w.org\/{rel}","templated":true}]}}