{"id":66,"date":"2017-12-23T13:53:23","date_gmt":"2017-12-23T12:53:23","guid":{"rendered":"http:\/\/svswm-modellbahn.de\/home\/?page_id=66"},"modified":"2021-08-30T02:50:18","modified_gmt":"2021-08-30T00:50:18","slug":"mitglied-werden","status":"publish","type":"page","link":"https:\/\/svswm-modellbahn.de\/home\/verein\/mitglied-werden\/","title":{"rendered":"Mitglied werden"},"content":{"rendered":"\n<div class=\"wp-block-image\"><figure class=\"aligncenter size-large is-resized\"><img loading=\"lazy\" decoding=\"async\" src=\"http:\/\/svswm-modellbahn.de\/wp-content\/uploads\/2019\/03\/LOGO-Lang-mitte-1024x117.png\" alt=\"\" class=\"wp-image-584\" width=\"717\" height=\"81\" srcset=\"https:\/\/svswm-modellbahn.de\/wp-content\/uploads\/2019\/03\/LOGO-Lang-mitte-1024x117.png 1024w, https:\/\/svswm-modellbahn.de\/wp-content\/uploads\/2019\/03\/LOGO-Lang-mitte-300x34.png 300w, https:\/\/svswm-modellbahn.de\/wp-content\/uploads\/2019\/03\/LOGO-Lang-mitte-768x88.png 768w, https:\/\/svswm-modellbahn.de\/wp-content\/uploads\/2019\/03\/LOGO-Lang-mitte-600x69.png 600w, https:\/\/svswm-modellbahn.de\/wp-content\/uploads\/2019\/03\/LOGO-Lang-mitte.png 1400w\" sizes=\"auto, (max-width: 717px) 100vw, 717px\" \/><\/figure><\/div>\n\n\n\n<p class=\"has-text-align-center\">Bei uns hat kein Mitglied eine Verpflichtung regelm\u00e4\u00dfig zu erscheinen. Ebenso ist jedem freigestellt in welchem Umfang er an der Anlage arbeitet.<br>Vor der Aufnahme als Mitglied in die Abteilung Modelleisenbahn des SV Stadtwerke M\u00fcnchen e.V. ist eine Probezeit vorgeschrieben.<\/p>\n\n\n\n<p class=\"has-text-align-center\">Der Mitgliedsbeitrag f\u00fcr aktive Mitglieder betr\u00e4gt:<br>&#8211; f\u00fcr Sch\u00fcler\/Studenten\/Azubis: 60\u20ac pro Jahr<br>&#8211; f\u00fcr Erwachsene: 120\u20ac pro Jahr<\/p>\n\n\n\n<div class=\"wp-block-image\"><figure class=\"aligncenter size-large is-resized\"><img loading=\"lazy\" decoding=\"async\" src=\"http:\/\/svswm-modellbahn.de\/wp-content\/uploads\/2019\/03\/LOGO-Lang-mitte-1024x117.png\" alt=\"\" class=\"wp-image-584\" width=\"717\" height=\"81\" srcset=\"https:\/\/svswm-modellbahn.de\/wp-content\/uploads\/2019\/03\/LOGO-Lang-mitte-1024x117.png 1024w, https:\/\/svswm-modellbahn.de\/wp-content\/uploads\/2019\/03\/LOGO-Lang-mitte-300x34.png 300w, https:\/\/svswm-modellbahn.de\/wp-content\/uploads\/2019\/03\/LOGO-Lang-mitte-768x88.png 768w, https:\/\/svswm-modellbahn.de\/wp-content\/uploads\/2019\/03\/LOGO-Lang-mitte-600x69.png 600w, https:\/\/svswm-modellbahn.de\/wp-content\/uploads\/2019\/03\/LOGO-Lang-mitte.png 1400w\" sizes=\"auto, (max-width: 717px) 100vw, 717px\" \/><\/figure><\/div>\n\n\n\n<div style=\"height:20px\" aria-hidden=\"true\" class=\"wp-block-spacer\"><\/div>\n","protected":false},"excerpt":{"rendered":"<p>Bei uns hat kein Mitglied eine Verpflichtung regelm\u00e4\u00dfig zu erscheinen. Ebenso ist jedem freigestellt in welchem Umfang er an der Anlage arbeitet.Vor der Aufnahme als Mitglied in die Abteilung Modelleisenbahn des SV Stadtwerke M\u00fcnchen e.V. ist eine Probezeit vorgeschrieben. Der Mitgliedsbeitrag f\u00fcr aktive Mitglieder betr\u00e4gt:&#8211; f\u00fcr Sch\u00fcler\/Studenten\/Azubis: 60\u20ac pro Jahr&#8211; [&hellip;]<\/p>\n","protected":false},"author":1,"featured_media":0,"parent":32,"menu_order":0,"comment_status":"closed","ping_status":"closed","template":"","meta":{"footnotes":""},"class_list":["post-66","page","type-page","status-publish","hentry"],"yoast_head":"<!-- This site is optimized with the Yoast SEO plugin v25.4 - https:\/\/yoast.com\/wordpress\/plugins\/seo\/ -->\n<title>Mitglied werden - Modelleisenbahn<\/title>\n<meta name=\"robots\" content=\"index, follow, max-snippet:-1, max-image-preview:large, max-video-preview:-1\" \/>\n<link rel=\"canonical\" href=\"https:\/\/svswm-modellbahn.de\/home\/verein\/mitglied-werden\/\" \/>\n<meta property=\"og:locale\" content=\"de_DE\" \/>\n<meta property=\"og:type\" content=\"article\" \/>\n<meta property=\"og:title\" content=\"Mitglied werden - Modelleisenbahn\" \/>\n<meta property=\"og:description\" content=\"Bei uns hat kein Mitglied eine Verpflichtung regelm\u00e4\u00dfig zu erscheinen. Ebenso ist jedem freigestellt in welchem Umfang er an der Anlage arbeitet.Vor der Aufnahme als Mitglied in die Abteilung Modelleisenbahn des SV Stadtwerke M\u00fcnchen e.V. ist eine Probezeit vorgeschrieben. Der Mitgliedsbeitrag f\u00fcr aktive Mitglieder betr\u00e4gt:&#8211; f\u00fcr Sch\u00fcler\/Studenten\/Azubis: 60\u20ac pro Jahr&#8211; [&hellip;]\" \/>\n<meta property=\"og:url\" content=\"https:\/\/svswm-modellbahn.de\/home\/verein\/mitglied-werden\/\" \/>\n<meta property=\"og:site_name\" content=\"Modelleisenbahn\" \/>\n<meta property=\"article:modified_time\" content=\"2021-08-30T00:50:18+00:00\" \/>\n<meta property=\"og:image\" content=\"http:\/\/svswm-modellbahn.de\/wp-content\/uploads\/2019\/03\/LOGO-Lang-mitte-1024x117.png\" \/>\n<meta name=\"twitter:card\" content=\"summary_large_image\" \/>\n<meta name=\"twitter:label1\" content=\"Gesch\u00e4tzte Lesezeit\" \/>\n\t<meta name=\"twitter:data1\" content=\"1\u00a0Minute\" \/>\n<script type=\"application\/ld+json\" class=\"yoast-schema-graph\">{\"@context\":\"https:\/\/schema.org\",\"@graph\":[{\"@type\":\"WebPage\",\"@id\":\"https:\/\/svswm-modellbahn.de\/home\/verein\/mitglied-werden\/\",\"url\":\"https:\/\/svswm-modellbahn.de\/home\/verein\/mitglied-werden\/\",\"name\":\"Mitglied werden - Modelleisenbahn\",\"isPartOf\":{\"@id\":\"https:\/\/svswm-modellbahn.de\/home\/#website\"},\"primaryImageOfPage\":{\"@id\":\"https:\/\/svswm-modellbahn.de\/home\/verein\/mitglied-werden\/#primaryimage\"},\"image\":{\"@id\":\"https:\/\/svswm-modellbahn.de\/home\/verein\/mitglied-werden\/#primaryimage\"},\"thumbnailUrl\":\"http:\/\/svswm-modellbahn.de\/wp-content\/uploads\/2019\/03\/LOGO-Lang-mitte-1024x117.png\",\"datePublished\":\"2017-12-23T12:53:23+00:00\",\"dateModified\":\"2021-08-30T00:50:18+00:00\",\"breadcrumb\":{\"@id\":\"https:\/\/svswm-modellbahn.de\/home\/verein\/mitglied-werden\/#breadcrumb\"},\"inLanguage\":\"de\",\"potentialAction\":[{\"@type\":\"ReadAction\",\"target\":[\"https:\/\/svswm-modellbahn.de\/home\/verein\/mitglied-werden\/\"]}]},{\"@type\":\"ImageObject\",\"inLanguage\":\"de\",\"@id\":\"https:\/\/svswm-modellbahn.de\/home\/verein\/mitglied-werden\/#primaryimage\",\"url\":\"http:\/\/svswm-modellbahn.de\/wp-content\/uploads\/2019\/03\/LOGO-Lang-mitte-1024x117.png\",\"contentUrl\":\"http:\/\/svswm-modellbahn.de\/wp-content\/uploads\/2019\/03\/LOGO-Lang-mitte-1024x117.png\"},{\"@type\":\"BreadcrumbList\",\"@id\":\"https:\/\/svswm-modellbahn.de\/home\/verein\/mitglied-werden\/#breadcrumb\",\"itemListElement\":[{\"@type\":\"ListItem\",\"position\":1,\"name\":\"Startseite\",\"item\":\"https:\/\/svswm-modellbahn.de\/home\/\"},{\"@type\":\"ListItem\",\"position\":2,\"name\":\"Verein\",\"item\":\"https:\/\/svswm-modellbahn.de\/home\/verein\/\"},{\"@type\":\"ListItem\",\"position\":3,\"name\":\"Mitglied werden\"}]},{\"@type\":\"WebSite\",\"@id\":\"https:\/\/svswm-modellbahn.de\/home\/#website\",\"url\":\"https:\/\/svswm-modellbahn.de\/home\/\",\"name\":\"Modelleisenbahn\",\"description\":\"SV Stadtwerke M\u00fcnchen e.V.\",\"publisher\":{\"@id\":\"https:\/\/svswm-modellbahn.de\/home\/#organization\"},\"potentialAction\":[{\"@type\":\"SearchAction\",\"target\":{\"@type\":\"EntryPoint\",\"urlTemplate\":\"https:\/\/svswm-modellbahn.de\/home\/?s={search_term_string}\"},\"query-input\":{\"@type\":\"PropertyValueSpecification\",\"valueRequired\":true,\"valueName\":\"search_term_string\"}}],\"inLanguage\":\"de\"},{\"@type\":\"Organization\",\"@id\":\"https:\/\/svswm-modellbahn.de\/home\/#organization\",\"name\":\"Abteilung Modelleisenbahn SV Stadtwerke M\u00fcnchen e.V.\",\"url\":\"https:\/\/svswm-modellbahn.de\/home\/\",\"logo\":{\"@type\":\"ImageObject\",\"inLanguage\":\"de\",\"@id\":\"https:\/\/svswm-modellbahn.de\/home\/#\/schema\/logo\/image\/\",\"url\":\"http:\/\/svswm-modellbahn.de\/wp-content\/uploads\/2017\/12\/sv-stadtwerke-logo.png\",\"contentUrl\":\"http:\/\/svswm-modellbahn.de\/wp-content\/uploads\/2017\/12\/sv-stadtwerke-logo.png\",\"width\":129,\"height\":150,\"caption\":\"Abteilung Modelleisenbahn SV Stadtwerke M\u00fcnchen e.V.\"},\"image\":{\"@id\":\"https:\/\/svswm-modellbahn.de\/home\/#\/schema\/logo\/image\/\"},\"sameAs\":[\"https:\/\/www.instagram.com\/ssm_modellbahnclub_muenchen\/\"]}]}<\/script>\n<!-- \/ Yoast SEO plugin. -->","yoast_head_json":{"title":"Mitglied werden - Modelleisenbahn","robots":{"index":"index","follow":"follow","max-snippet":"max-snippet:-1","max-image-preview":"max-image-preview:large","max-video-preview":"max-video-preview:-1"},"canonical":"https:\/\/svswm-modellbahn.de\/home\/verein\/mitglied-werden\/","og_locale":"de_DE","og_type":"article","og_title":"Mitglied werden - Modelleisenbahn","og_description":"Bei uns hat kein Mitglied eine Verpflichtung regelm\u00e4\u00dfig zu erscheinen. Ebenso ist jedem freigestellt in welchem Umfang er an der Anlage arbeitet.Vor der Aufnahme als Mitglied in die Abteilung Modelleisenbahn des SV Stadtwerke M\u00fcnchen e.V. ist eine Probezeit vorgeschrieben. Der Mitgliedsbeitrag f\u00fcr aktive Mitglieder betr\u00e4gt:&#8211; f\u00fcr Sch\u00fcler\/Studenten\/Azubis: 60\u20ac pro Jahr&#8211; [&hellip;]","og_url":"https:\/\/svswm-modellbahn.de\/home\/verein\/mitglied-werden\/","og_site_name":"Modelleisenbahn","article_modified_time":"2021-08-30T00:50:18+00:00","og_image":[{"url":"http:\/\/svswm-modellbahn.de\/wp-content\/uploads\/2019\/03\/LOGO-Lang-mitte-1024x117.png","type":"","width":"","height":""}],"twitter_card":"summary_large_image","twitter_misc":{"Gesch\u00e4tzte Lesezeit":"1\u00a0Minute"},"schema":{"@context":"https:\/\/schema.org","@graph":[{"@type":"WebPage","@id":"https:\/\/svswm-modellbahn.de\/home\/verein\/mitglied-werden\/","url":"https:\/\/svswm-modellbahn.de\/home\/verein\/mitglied-werden\/","name":"Mitglied werden - Modelleisenbahn","isPartOf":{"@id":"https:\/\/svswm-modellbahn.de\/home\/#website"},"primaryImageOfPage":{"@id":"https:\/\/svswm-modellbahn.de\/home\/verein\/mitglied-werden\/#primaryimage"},"image":{"@id":"https:\/\/svswm-modellbahn.de\/home\/verein\/mitglied-werden\/#primaryimage"},"thumbnailUrl":"http:\/\/svswm-modellbahn.de\/wp-content\/uploads\/2019\/03\/LOGO-Lang-mitte-1024x117.png","datePublished":"2017-12-23T12:53:23+00:00","dateModified":"2021-08-30T00:50:18+00:00","breadcrumb":{"@id":"https:\/\/svswm-modellbahn.de\/home\/verein\/mitglied-werden\/#breadcrumb"},"inLanguage":"de","potentialAction":[{"@type":"ReadAction","target":["https:\/\/svswm-modellbahn.de\/home\/verein\/mitglied-werden\/"]}]},{"@type":"ImageObject","inLanguage":"de","@id":"https:\/\/svswm-modellbahn.de\/home\/verein\/mitglied-werden\/#primaryimage","url":"http:\/\/svswm-modellbahn.de\/wp-content\/uploads\/2019\/03\/LOGO-Lang-mitte-1024x117.png","contentUrl":"http:\/\/svswm-modellbahn.de\/wp-content\/uploads\/2019\/03\/LOGO-Lang-mitte-1024x117.png"},{"@type":"BreadcrumbList","@id":"https:\/\/svswm-modellbahn.de\/home\/verein\/mitglied-werden\/#breadcrumb","itemListElement":[{"@type":"ListItem","position":1,"name":"Startseite","item":"https:\/\/svswm-modellbahn.de\/home\/"},{"@type":"ListItem","position":2,"name":"Verein","item":"https:\/\/svswm-modellbahn.de\/home\/verein\/"},{"@type":"ListItem","position":3,"name":"Mitglied werden"}]},{"@type":"WebSite","@id":"https:\/\/svswm-modellbahn.de\/home\/#website","url":"https:\/\/svswm-modellbahn.de\/home\/","name":"Modelleisenbahn","description":"SV Stadtwerke M\u00fcnchen e.V.","publisher":{"@id":"https:\/\/svswm-modellbahn.de\/home\/#organization"},"potentialAction":[{"@type":"SearchAction","target":{"@type":"EntryPoint","urlTemplate":"https:\/\/svswm-modellbahn.de\/home\/?s={search_term_string}"},"query-input":{"@type":"PropertyValueSpecification","valueRequired":true,"valueName":"search_term_string"}}],"inLanguage":"de"},{"@type":"Organization","@id":"https:\/\/svswm-modellbahn.de\/home\/#organization","name":"Abteilung Modelleisenbahn SV Stadtwerke M\u00fcnchen e.V.","url":"https:\/\/svswm-modellbahn.de\/home\/","logo":{"@type":"ImageObject","inLanguage":"de","@id":"https:\/\/svswm-modellbahn.de\/home\/#\/schema\/logo\/image\/","url":"http:\/\/svswm-modellbahn.de\/wp-content\/uploads\/2017\/12\/sv-stadtwerke-logo.png","contentUrl":"http:\/\/svswm-modellbahn.de\/wp-content\/uploads\/2017\/12\/sv-stadtwerke-logo.png","width":129,"height":150,"caption":"Abteilung Modelleisenbahn SV Stadtwerke M\u00fcnchen e.V."},"image":{"@id":"https:\/\/svswm-modellbahn.de\/home\/#\/schema\/logo\/image\/"},"sameAs":["https:\/\/www.instagram.com\/ssm_modellbahnclub_muenchen\/"]}]}},"_links":{"self":[{"href":"https:\/\/svswm-modellbahn.de\/home\/wp-json\/wp\/v2\/pages\/66","targetHints":{"allow":["GET"]}}],"collection":[{"href":"https:\/\/svswm-modellbahn.de\/home\/wp-json\/wp\/v2\/pages"}],"about":[{"href":"https:\/\/svswm-modellbahn.de\/home\/wp-json\/wp\/v2\/types\/page"}],"author":[{"embeddable":true,"href":"https:\/\/svswm-modellbahn.de\/home\/wp-json\/wp\/v2\/users\/1"}],"replies":[{"embeddable":true,"href":"https:\/\/svswm-modellbahn.de\/home\/wp-json\/wp\/v2\/comments?post=66"}],"version-history":[{"count":7,"href":"https:\/\/svswm-modellbahn.de\/home\/wp-json\/wp\/v2\/pages\/66\/revisions"}],"predecessor-version":[{"id":850,"href":"https:\/\/svswm-modellbahn.de\/home\/wp-json\/wp\/v2\/pages\/66\/revisions\/850"}],"up":[{"embeddable":true,"href":"https:\/\/svswm-modellbahn.de\/home\/wp-json\/wp\/v2\/pages\/32"}],"wp:attachment":[{"href":"https:\/\/svswm-modellbahn.de\/home\/wp-json\/wp\/v2\/media?parent=66"}],"curies":[{"name":"wp","href":"https:\/\/api.w.org\/{rel}","templated":true}]}}