{"id":64,"date":"2017-12-23T13:52:34","date_gmt":"2017-12-23T12:52:34","guid":{"rendered":"http:\/\/svswm-modellbahn.de\/home\/?page_id=64"},"modified":"2023-05-08T19:42:35","modified_gmt":"2023-05-08T17:42:35","slug":"historie","status":"publish","type":"page","link":"https:\/\/svswm-modellbahn.de\/home\/die-anlage\/historie\/","title":{"rendered":"Historie"},"content":{"rendered":"<p style=\"text-align: center;\">Die Modellbahn Abteilung des SV Stadtwerke M\u00fcnchen e.V. wurde am 26.5.1986 gegr\u00fcndet. Zun\u00e4chst waren die Vereinsr\u00e4ume in verschiedenen Geb\u00e4uden untergebracht. Der Umzug in die heutigen R\u00e4umlichkeiten an der Landshuter Allee erfolgte im Jahr 1999. Nach ca. 2 Jahren waren die Umbauma\u00dfnahmen soweit abgeschlossen, dass mit dem Bau der Anlage begonnen werden konnte. Nach und nach entstand der Grundrahmen und in der Folge mit einigen Umbauten die heutige Anlage.<\/p>\n\n\n<figure class=\"wp-block-image size-large\"><img loading=\"lazy\" decoding=\"async\" width=\"1024\" height=\"768\" src=\"http:\/\/svswm-modellbahn.de\/wp-content\/uploads\/2018\/04\/LAA-Raum11-1024x768.jpg\" alt=\"\" class=\"wp-image-211\" srcset=\"https:\/\/svswm-modellbahn.de\/wp-content\/uploads\/2018\/04\/LAA-Raum11-1024x768.jpg 1024w, https:\/\/svswm-modellbahn.de\/wp-content\/uploads\/2018\/04\/LAA-Raum11-300x225.jpg 300w, https:\/\/svswm-modellbahn.de\/wp-content\/uploads\/2018\/04\/LAA-Raum11-768x576.jpg 768w, https:\/\/svswm-modellbahn.de\/wp-content\/uploads\/2018\/04\/LAA-Raum11-267x200.jpg 267w, https:\/\/svswm-modellbahn.de\/wp-content\/uploads\/2018\/04\/LAA-Raum11-533x400.jpg 533w, https:\/\/svswm-modellbahn.de\/wp-content\/uploads\/2018\/04\/LAA-Raum11.jpg 1280w\" sizes=\"auto, (max-width: 1024px) 100vw, 1024px\" \/><\/figure>\n","protected":false},"excerpt":{"rendered":"<p>Die Modellbahn Abteilung des SV Stadtwerke M\u00fcnchen e.V. wurde am 26.5.1986 gegr\u00fcndet. Zun\u00e4chst waren die Vereinsr\u00e4ume in verschiedenen Geb\u00e4uden untergebracht. Der Umzug in die heutigen R\u00e4umlichkeiten an der Landshuter Allee erfolgte im Jahr 1999. Nach ca. 2 Jahren waren die Umbauma\u00dfnahmen soweit abgeschlossen, dass mit dem Bau der Anlage begonnen [&hellip;]<\/p>\n","protected":false},"author":1,"featured_media":0,"parent":47,"menu_order":0,"comment_status":"closed","ping_status":"closed","template":"","meta":{"footnotes":""},"class_list":["post-64","page","type-page","status-publish","hentry"],"yoast_head":"<!-- This site is optimized with the Yoast SEO plugin v25.4 - https:\/\/yoast.com\/wordpress\/plugins\/seo\/ -->\n<title>Historie - Modelleisenbahn<\/title>\n<meta name=\"robots\" content=\"index, follow, max-snippet:-1, max-image-preview:large, max-video-preview:-1\" \/>\n<link rel=\"canonical\" href=\"https:\/\/svswm-modellbahn.de\/home\/die-anlage\/historie\/\" \/>\n<meta property=\"og:locale\" content=\"de_DE\" \/>\n<meta property=\"og:type\" content=\"article\" \/>\n<meta property=\"og:title\" content=\"Historie - Modelleisenbahn\" \/>\n<meta property=\"og:description\" content=\"Die Modellbahn Abteilung des SV Stadtwerke M\u00fcnchen e.V. wurde am 26.5.1986 gegr\u00fcndet. Zun\u00e4chst waren die Vereinsr\u00e4ume in verschiedenen Geb\u00e4uden untergebracht. Der Umzug in die heutigen R\u00e4umlichkeiten an der Landshuter Allee erfolgte im Jahr 1999. Nach ca. 2 Jahren waren die Umbauma\u00dfnahmen soweit abgeschlossen, dass mit dem Bau der Anlage begonnen [&hellip;]\" \/>\n<meta property=\"og:url\" content=\"https:\/\/svswm-modellbahn.de\/home\/die-anlage\/historie\/\" \/>\n<meta property=\"og:site_name\" content=\"Modelleisenbahn\" \/>\n<meta property=\"article:modified_time\" content=\"2023-05-08T17:42:35+00:00\" \/>\n<meta property=\"og:image\" content=\"http:\/\/svswm-modellbahn.de\/wp-content\/uploads\/2018\/04\/LAA-Raum11-1024x768.jpg\" \/>\n<meta name=\"twitter:card\" content=\"summary_large_image\" \/>\n<script type=\"application\/ld+json\" class=\"yoast-schema-graph\">{\"@context\":\"https:\/\/schema.org\",\"@graph\":[{\"@type\":\"WebPage\",\"@id\":\"https:\/\/svswm-modellbahn.de\/home\/die-anlage\/historie\/\",\"url\":\"https:\/\/svswm-modellbahn.de\/home\/die-anlage\/historie\/\",\"name\":\"Historie - Modelleisenbahn\",\"isPartOf\":{\"@id\":\"https:\/\/svswm-modellbahn.de\/home\/#website\"},\"primaryImageOfPage\":{\"@id\":\"https:\/\/svswm-modellbahn.de\/home\/die-anlage\/historie\/#primaryimage\"},\"image\":{\"@id\":\"https:\/\/svswm-modellbahn.de\/home\/die-anlage\/historie\/#primaryimage\"},\"thumbnailUrl\":\"http:\/\/svswm-modellbahn.de\/wp-content\/uploads\/2018\/04\/LAA-Raum11-1024x768.jpg\",\"datePublished\":\"2017-12-23T12:52:34+00:00\",\"dateModified\":\"2023-05-08T17:42:35+00:00\",\"breadcrumb\":{\"@id\":\"https:\/\/svswm-modellbahn.de\/home\/die-anlage\/historie\/#breadcrumb\"},\"inLanguage\":\"de\",\"potentialAction\":[{\"@type\":\"ReadAction\",\"target\":[\"https:\/\/svswm-modellbahn.de\/home\/die-anlage\/historie\/\"]}]},{\"@type\":\"ImageObject\",\"inLanguage\":\"de\",\"@id\":\"https:\/\/svswm-modellbahn.de\/home\/die-anlage\/historie\/#primaryimage\",\"url\":\"http:\/\/svswm-modellbahn.de\/wp-content\/uploads\/2018\/04\/LAA-Raum11-1024x768.jpg\",\"contentUrl\":\"http:\/\/svswm-modellbahn.de\/wp-content\/uploads\/2018\/04\/LAA-Raum11-1024x768.jpg\"},{\"@type\":\"BreadcrumbList\",\"@id\":\"https:\/\/svswm-modellbahn.de\/home\/die-anlage\/historie\/#breadcrumb\",\"itemListElement\":[{\"@type\":\"ListItem\",\"position\":1,\"name\":\"Startseite\",\"item\":\"https:\/\/svswm-modellbahn.de\/home\/\"},{\"@type\":\"ListItem\",\"position\":2,\"name\":\"Die Anlage\",\"item\":\"https:\/\/svswm-modellbahn.de\/home\/die-anlage\/\"},{\"@type\":\"ListItem\",\"position\":3,\"name\":\"Historie\"}]},{\"@type\":\"WebSite\",\"@id\":\"https:\/\/svswm-modellbahn.de\/home\/#website\",\"url\":\"https:\/\/svswm-modellbahn.de\/home\/\",\"name\":\"Modelleisenbahn\",\"description\":\"SV Stadtwerke M\u00fcnchen e.V.\",\"publisher\":{\"@id\":\"https:\/\/svswm-modellbahn.de\/home\/#organization\"},\"potentialAction\":[{\"@type\":\"SearchAction\",\"target\":{\"@type\":\"EntryPoint\",\"urlTemplate\":\"https:\/\/svswm-modellbahn.de\/home\/?s={search_term_string}\"},\"query-input\":{\"@type\":\"PropertyValueSpecification\",\"valueRequired\":true,\"valueName\":\"search_term_string\"}}],\"inLanguage\":\"de\"},{\"@type\":\"Organization\",\"@id\":\"https:\/\/svswm-modellbahn.de\/home\/#organization\",\"name\":\"Abteilung Modelleisenbahn SV Stadtwerke M\u00fcnchen e.V.\",\"url\":\"https:\/\/svswm-modellbahn.de\/home\/\",\"logo\":{\"@type\":\"ImageObject\",\"inLanguage\":\"de\",\"@id\":\"https:\/\/svswm-modellbahn.de\/home\/#\/schema\/logo\/image\/\",\"url\":\"http:\/\/svswm-modellbahn.de\/wp-content\/uploads\/2017\/12\/sv-stadtwerke-logo.png\",\"contentUrl\":\"http:\/\/svswm-modellbahn.de\/wp-content\/uploads\/2017\/12\/sv-stadtwerke-logo.png\",\"width\":129,\"height\":150,\"caption\":\"Abteilung Modelleisenbahn SV Stadtwerke M\u00fcnchen e.V.\"},\"image\":{\"@id\":\"https:\/\/svswm-modellbahn.de\/home\/#\/schema\/logo\/image\/\"},\"sameAs\":[\"https:\/\/www.instagram.com\/ssm_modellbahnclub_muenchen\/\"]}]}<\/script>\n<!-- \/ Yoast SEO plugin. -->","yoast_head_json":{"title":"Historie - Modelleisenbahn","robots":{"index":"index","follow":"follow","max-snippet":"max-snippet:-1","max-image-preview":"max-image-preview:large","max-video-preview":"max-video-preview:-1"},"canonical":"https:\/\/svswm-modellbahn.de\/home\/die-anlage\/historie\/","og_locale":"de_DE","og_type":"article","og_title":"Historie - Modelleisenbahn","og_description":"Die Modellbahn Abteilung des SV Stadtwerke M\u00fcnchen e.V. wurde am 26.5.1986 gegr\u00fcndet. Zun\u00e4chst waren die Vereinsr\u00e4ume in verschiedenen Geb\u00e4uden untergebracht. Der Umzug in die heutigen R\u00e4umlichkeiten an der Landshuter Allee erfolgte im Jahr 1999. Nach ca. 2 Jahren waren die Umbauma\u00dfnahmen soweit abgeschlossen, dass mit dem Bau der Anlage begonnen [&hellip;]","og_url":"https:\/\/svswm-modellbahn.de\/home\/die-anlage\/historie\/","og_site_name":"Modelleisenbahn","article_modified_time":"2023-05-08T17:42:35+00:00","og_image":[{"url":"http:\/\/svswm-modellbahn.de\/wp-content\/uploads\/2018\/04\/LAA-Raum11-1024x768.jpg","type":"","width":"","height":""}],"twitter_card":"summary_large_image","schema":{"@context":"https:\/\/schema.org","@graph":[{"@type":"WebPage","@id":"https:\/\/svswm-modellbahn.de\/home\/die-anlage\/historie\/","url":"https:\/\/svswm-modellbahn.de\/home\/die-anlage\/historie\/","name":"Historie - Modelleisenbahn","isPartOf":{"@id":"https:\/\/svswm-modellbahn.de\/home\/#website"},"primaryImageOfPage":{"@id":"https:\/\/svswm-modellbahn.de\/home\/die-anlage\/historie\/#primaryimage"},"image":{"@id":"https:\/\/svswm-modellbahn.de\/home\/die-anlage\/historie\/#primaryimage"},"thumbnailUrl":"http:\/\/svswm-modellbahn.de\/wp-content\/uploads\/2018\/04\/LAA-Raum11-1024x768.jpg","datePublished":"2017-12-23T12:52:34+00:00","dateModified":"2023-05-08T17:42:35+00:00","breadcrumb":{"@id":"https:\/\/svswm-modellbahn.de\/home\/die-anlage\/historie\/#breadcrumb"},"inLanguage":"de","potentialAction":[{"@type":"ReadAction","target":["https:\/\/svswm-modellbahn.de\/home\/die-anlage\/historie\/"]}]},{"@type":"ImageObject","inLanguage":"de","@id":"https:\/\/svswm-modellbahn.de\/home\/die-anlage\/historie\/#primaryimage","url":"http:\/\/svswm-modellbahn.de\/wp-content\/uploads\/2018\/04\/LAA-Raum11-1024x768.jpg","contentUrl":"http:\/\/svswm-modellbahn.de\/wp-content\/uploads\/2018\/04\/LAA-Raum11-1024x768.jpg"},{"@type":"BreadcrumbList","@id":"https:\/\/svswm-modellbahn.de\/home\/die-anlage\/historie\/#breadcrumb","itemListElement":[{"@type":"ListItem","position":1,"name":"Startseite","item":"https:\/\/svswm-modellbahn.de\/home\/"},{"@type":"ListItem","position":2,"name":"Die Anlage","item":"https:\/\/svswm-modellbahn.de\/home\/die-anlage\/"},{"@type":"ListItem","position":3,"name":"Historie"}]},{"@type":"WebSite","@id":"https:\/\/svswm-modellbahn.de\/home\/#website","url":"https:\/\/svswm-modellbahn.de\/home\/","name":"Modelleisenbahn","description":"SV Stadtwerke M\u00fcnchen e.V.","publisher":{"@id":"https:\/\/svswm-modellbahn.de\/home\/#organization"},"potentialAction":[{"@type":"SearchAction","target":{"@type":"EntryPoint","urlTemplate":"https:\/\/svswm-modellbahn.de\/home\/?s={search_term_string}"},"query-input":{"@type":"PropertyValueSpecification","valueRequired":true,"valueName":"search_term_string"}}],"inLanguage":"de"},{"@type":"Organization","@id":"https:\/\/svswm-modellbahn.de\/home\/#organization","name":"Abteilung Modelleisenbahn SV Stadtwerke M\u00fcnchen e.V.","url":"https:\/\/svswm-modellbahn.de\/home\/","logo":{"@type":"ImageObject","inLanguage":"de","@id":"https:\/\/svswm-modellbahn.de\/home\/#\/schema\/logo\/image\/","url":"http:\/\/svswm-modellbahn.de\/wp-content\/uploads\/2017\/12\/sv-stadtwerke-logo.png","contentUrl":"http:\/\/svswm-modellbahn.de\/wp-content\/uploads\/2017\/12\/sv-stadtwerke-logo.png","width":129,"height":150,"caption":"Abteilung Modelleisenbahn SV Stadtwerke M\u00fcnchen e.V."},"image":{"@id":"https:\/\/svswm-modellbahn.de\/home\/#\/schema\/logo\/image\/"},"sameAs":["https:\/\/www.instagram.com\/ssm_modellbahnclub_muenchen\/"]}]}},"_links":{"self":[{"href":"https:\/\/svswm-modellbahn.de\/home\/wp-json\/wp\/v2\/pages\/64","targetHints":{"allow":["GET"]}}],"collection":[{"href":"https:\/\/svswm-modellbahn.de\/home\/wp-json\/wp\/v2\/pages"}],"about":[{"href":"https:\/\/svswm-modellbahn.de\/home\/wp-json\/wp\/v2\/types\/page"}],"author":[{"embeddable":true,"href":"https:\/\/svswm-modellbahn.de\/home\/wp-json\/wp\/v2\/users\/1"}],"replies":[{"embeddable":true,"href":"https:\/\/svswm-modellbahn.de\/home\/wp-json\/wp\/v2\/comments?post=64"}],"version-history":[{"count":5,"href":"https:\/\/svswm-modellbahn.de\/home\/wp-json\/wp\/v2\/pages\/64\/revisions"}],"predecessor-version":[{"id":888,"href":"https:\/\/svswm-modellbahn.de\/home\/wp-json\/wp\/v2\/pages\/64\/revisions\/888"}],"up":[{"embeddable":true,"href":"https:\/\/svswm-modellbahn.de\/home\/wp-json\/wp\/v2\/pages\/47"}],"wp:attachment":[{"href":"https:\/\/svswm-modellbahn.de\/home\/wp-json\/wp\/v2\/media?parent=64"}],"curies":[{"name":"wp","href":"https:\/\/api.w.org\/{rel}","templated":true}]}}