{"id":62,"date":"2017-12-23T13:52:19","date_gmt":"2017-12-23T12:52:19","guid":{"rendered":"http:\/\/svswm-modellbahn.de\/home\/?page_id=62"},"modified":"2021-08-30T02:47:43","modified_gmt":"2021-08-30T00:47:43","slug":"technik","status":"publish","type":"page","link":"https:\/\/svswm-modellbahn.de\/home\/die-anlage\/technik\/","title":{"rendered":"Technik"},"content":{"rendered":"\n<h2 class=\"wp-block-heading\">kurz erkl\u00e4rt:<\/h2>\n\n\n\n<p class=\"has-text-align-center\">Momentan wird unsere analogen Gleichstrom Anlage noch zum gro\u00dfen Teil &#8222;provisorisch&#8220; mithilfe von einfachen Diodenmatrixen gesteuert.<\/p>\n\n\n\n<p class=\"has-text-align-center\">Wir befinden uns Momentan in einer Testphase f\u00fcr die zuk\u00fcnftige Anlagensteuerung. Diese wird wie folgt aussehen:<br>Weichen und Fahr- bzw. Rangierstra\u00dfen werden mit einem Computerprogamm \u00fcber eine Oberfl\u00e4che auf der Basis eines Spurplanstellwerkes eingestellt (Sp\u00e4ter sind auch &#8222;analoge&#8220; Stellpulte geplant). Dabei liefert die Computersteuerung die n\u00f6tige Sicherheit, indem diese das Einstellen von Fahr- bzw. Rangierstra\u00dfen \u00fcberwacht und bei nicht zul\u00e4ssigen Handlungen diese unterbindet. Die Stellwerkssteuerung leitet die Befehle z.B. Abfahrt eines Zuges oder Stellen von Signalen an eine analoge Steuerung weiter. Diese regelt den Fahrstrom und die Signale in dem jeweils zugewiesenen Bereich.&nbsp;<\/p>\n\n\n\n<figure class=\"wp-block-gallery columns-1 is-cropped wp-block-gallery-1 is-layout-flex wp-block-gallery-is-layout-flex\"><ul class=\"blocks-gallery-grid\"><li class=\"blocks-gallery-item\"><figure><img loading=\"lazy\" decoding=\"async\" width=\"1024\" height=\"111\" src=\"https:\/\/svswm-modellbahn.de\/wp-content\/uploads\/OTW-STW-1024x111.jpg\" alt=\"\" data-id=\"695\" data-full-url=\"https:\/\/svswm-modellbahn.de\/wp-content\/uploads\/OTW-STW.jpg\" data-link=\"https:\/\/svswm-modellbahn.de\/home\/die-anlage\/technik\/otw-stw\/\" class=\"wp-image-695\" srcset=\"https:\/\/svswm-modellbahn.de\/wp-content\/uploads\/OTW-STW-1024x111.jpg 1024w, https:\/\/svswm-modellbahn.de\/wp-content\/uploads\/OTW-STW-300x33.jpg 300w, https:\/\/svswm-modellbahn.de\/wp-content\/uploads\/OTW-STW-768x83.jpg 768w, https:\/\/svswm-modellbahn.de\/wp-content\/uploads\/OTW-STW-600x65.jpg 600w, https:\/\/svswm-modellbahn.de\/wp-content\/uploads\/OTW-STW.jpg 1430w\" sizes=\"auto, (max-width: 1024px) 100vw, 1024px\" \/><\/figure><\/li><\/ul><\/figure>\n\n\n\n<div style=\"height:20px\" aria-hidden=\"true\" class=\"wp-block-spacer\"><\/div>\n\n\n\n<p class=\"has-text-align-center\">Hier zu Sehen ist ein Auszug aus der Bedienoberfl\u00e4che des zuk\u00fcnftigen Stellwerks Treuchtlingen. <br>Um die gesmate Anlage \u00fcber dieses System steuern zu k\u00f6nnen, werden vsl. ca. 800 &#8211; 850 Ein- und Ausgangssignale wie zum Beispiel Bestztmeldungen von Abschnitten oder Signalsteuerung von dem Computersystem st\u00e4ndig verarbeiet werden m\u00fcssen. Dazu kommt nat\u00fcrlich noch die Steuerung aller Weichen (ca. 370).<\/p>\n\n\n\n<h2 class=\"wp-block-heading\">Das System<\/h2>\n\n\n\n<p class=\"has-text-align-center\">Der Standort der Fahrzeuge auf der Anlage wird dem Computer \u00fcber die Besetztmeldung (vergleichbar mit Gleisstrpmkreise bei der richtigen Bahn) von der Fahrsteuerung gemeldet. Dadurch ist zum einen der Standort der Z\u00fcge im Gleisbild sichbar, zum anderen kann der Computer pr\u00fcfen, ob eine Fahrstra\u00dfe, die eingestellt werden soll zul\u00e4ssig ist. <\/p>\n\n\n\n<p class=\"has-text-align-center\">Wir unterscheiden in Rangierfahrstra\u00dfen und Zugfahrstra\u00dfen:<br>Zugfahrstra\u00dfen k\u00f6nnen nur von Hauptsignal zu Hauptsignal gestellt werden. Dabei muss der gesamte Fahrweg frei von Fahrzeugen sein und es d\u00fcrfen keine anderen Fahrstra\u00dfen einen Gleisabschnitt bereits belegen. Die Steuerung des Fahrstroms sowie der Hauptsignale \u00fcbernimmt dabei die analoge Fahrsteuerung. Die Steuerung der Weichen und Sperrsignale \u00fcbernimmt der Computer.<br>Rangierfahrstra\u00dfen k\u00f6nnen von Gleisabschnitt oder Signal zu Gleisabschnitt oder Signal gestellt werden.  Es d\u00fcrfen keine anderen Fahrstra\u00dfen einen Gleisabschnitt bereits belegen. Auf im Fahrweg stehende Fahrzeuge wird dabei keine R\u00fccksicht genommen. Dies erm\u00f6glicht beispielsweise das Kuppel von Fahrzeugen. Die Steuerung der Weichen sowie der Haupt- und Sperrsignale \u00fcbernimmt der Compter. Dieser gibt der Fahrsteuerung ebenfalls den Befehl den betroffenen Abschnitt auf Handbetrieb umzustellen. Die\u00df hat zur folge, dass der Fahrstrom der Fahrstra\u00dfe dann \u00fcber einen tragbaren Hand-Trafo gesteuert werden kann.<\/p>\n\n\n\n<p class=\"has-text-align-center\">Fahrstra\u00dfen k\u00f6nnen in unseren Stellwerken auf verschiedenen Wegen eingestellt werden. Auf unseren analogen Stellpulten ist das durch gleichzeitiges Dr\u00fccken der Start- und Zieltaste der jeweiligen Fahrstra\u00dfe m\u00f6glich. In unseren elektronischen Stllwerken kann deine Fahrsta\u00dfe entweder durch das D\u00fcrcken des Buttens des Startabschnittes und anschlie\u00dfendem Dr\u00fccken des Buttens des Zielabschnittes m\u00f6glich oder durch Eintippen des Startgleises und anschlie\u00dfendem Eintippen des Zielgleises.<\/p>\n\n\n\n<p class=\"has-text-align-center\">Im Anschluss wird gepr\u00fcft ob diese Fahrstra\u00dfe zul\u00e4ssig ist. Ist dies der Fall werden Zun\u00e4chst die Weichen in die richtige Stellung gebracht, anschlie\u00dfend werden die Sperrsignale auf Signal Sh 1 (Fahrverbot aufgehoben) gestellt. Zum Schluss gibt der Comupter der analogen Fahrsteuerung die Erlaubnis das Hauptsignal auf Fahrt zu stellen und den Zug abfahren zu lassen.<br>Ist die Fahrstra\u00dfe, die eingestellt werden soll, nicht zul\u00e4ssig, passiert nichts. Es kann dann jederzeit eine neue Fahrsta\u00dfe eingestellt werden.<\/p>\n\n\n\n<p class=\"has-text-align-center\">Es ist m\u00f6glich einen Zwischenhalt z.B. an einem Bahnsteig zu setzen. Dies ist \u00fcber einen extra Taster auf dem analogen Stellpult bzw. einen extra Butten im elektronischen Stellwerk. Dies hat zur Folge, dass der Zug auch bei Fahrtstellung des n\u00e4chsten Hauptsignals an seinem gew\u00f6hnlichen Halteplatz stehen bleibt.<br>Damit beispielsweise kurze Z\u00fcge an langen Bahnsteigen nicht bis zwangsl\u00e4ufig bis zum Bahnsteigende fahren, planen wir die Z\u00fcge vor den Bahnh\u00f6fen mittels Lichtschranken zu vermessen. Die daraus gewonne L\u00e4ngenangabe des Zuges soll dann an eine vom Stellwerk abgesonderte Steuerung \u00fcbertragen werden, die im Anschluss die Brems- und Halteabschnitte so zusammenschaltet, dass der Zug an der f\u00fcr seine Zugl\u00e4nge richtigen Stelle zum Halten kommt.<\/p>\n\n\n\n<p>Fragen und Anregungen sind jederzeit willkommen. Gerne dazu das <a href=\"https:\/\/svswm-modellbahn.de\/home\/kontakt\/\">Kontaktformular<\/a> benutzen.<\/p>\n","protected":false},"excerpt":{"rendered":"<p>kurz erkl\u00e4rt: Momentan wird unsere analogen Gleichstrom Anlage noch zum gro\u00dfen Teil &#8222;provisorisch&#8220; mithilfe von einfachen Diodenmatrixen gesteuert. Wir befinden uns Momentan in einer Testphase f\u00fcr die zuk\u00fcnftige Anlagensteuerung. Diese wird wie folgt aussehen:Weichen und Fahr- bzw. Rangierstra\u00dfen werden mit einem Computerprogamm \u00fcber eine Oberfl\u00e4che auf der Basis eines Spurplanstellwerkes [&hellip;]<\/p>\n","protected":false},"author":1,"featured_media":0,"parent":47,"menu_order":0,"comment_status":"closed","ping_status":"closed","template":"","meta":{"footnotes":""},"class_list":["post-62","page","type-page","status-publish","hentry"],"yoast_head":"<!-- This site is optimized with the Yoast SEO plugin v25.4 - https:\/\/yoast.com\/wordpress\/plugins\/seo\/ -->\n<title>Technik - Modelleisenbahn<\/title>\n<meta name=\"robots\" content=\"index, follow, max-snippet:-1, max-image-preview:large, max-video-preview:-1\" \/>\n<link rel=\"canonical\" href=\"https:\/\/svswm-modellbahn.de\/home\/die-anlage\/technik\/\" \/>\n<meta property=\"og:locale\" content=\"de_DE\" \/>\n<meta property=\"og:type\" content=\"article\" \/>\n<meta property=\"og:title\" content=\"Technik - Modelleisenbahn\" \/>\n<meta property=\"og:description\" content=\"kurz erkl\u00e4rt: Momentan wird unsere analogen Gleichstrom Anlage noch zum gro\u00dfen Teil &#8222;provisorisch&#8220; mithilfe von einfachen Diodenmatrixen gesteuert. Wir befinden uns Momentan in einer Testphase f\u00fcr die zuk\u00fcnftige Anlagensteuerung. Diese wird wie folgt aussehen:Weichen und Fahr- bzw. Rangierstra\u00dfen werden mit einem Computerprogamm \u00fcber eine Oberfl\u00e4che auf der Basis eines Spurplanstellwerkes [&hellip;]\" \/>\n<meta property=\"og:url\" content=\"https:\/\/svswm-modellbahn.de\/home\/die-anlage\/technik\/\" \/>\n<meta property=\"og:site_name\" content=\"Modelleisenbahn\" \/>\n<meta property=\"article:modified_time\" content=\"2021-08-30T00:47:43+00:00\" \/>\n<meta property=\"og:image\" content=\"https:\/\/svswm-modellbahn.de\/wp-content\/uploads\/OTW-STW-1024x111.jpg\" \/>\n<meta name=\"twitter:card\" content=\"summary_large_image\" \/>\n<meta name=\"twitter:label1\" content=\"Gesch\u00e4tzte Lesezeit\" \/>\n\t<meta name=\"twitter:data1\" content=\"3\u00a0Minuten\" \/>\n<script type=\"application\/ld+json\" class=\"yoast-schema-graph\">{\"@context\":\"https:\/\/schema.org\",\"@graph\":[{\"@type\":\"WebPage\",\"@id\":\"https:\/\/svswm-modellbahn.de\/home\/die-anlage\/technik\/\",\"url\":\"https:\/\/svswm-modellbahn.de\/home\/die-anlage\/technik\/\",\"name\":\"Technik - Modelleisenbahn\",\"isPartOf\":{\"@id\":\"https:\/\/svswm-modellbahn.de\/home\/#website\"},\"primaryImageOfPage\":{\"@id\":\"https:\/\/svswm-modellbahn.de\/home\/die-anlage\/technik\/#primaryimage\"},\"image\":{\"@id\":\"https:\/\/svswm-modellbahn.de\/home\/die-anlage\/technik\/#primaryimage\"},\"thumbnailUrl\":\"https:\/\/svswm-modellbahn.de\/wp-content\/uploads\/OTW-STW-1024x111.jpg\",\"datePublished\":\"2017-12-23T12:52:19+00:00\",\"dateModified\":\"2021-08-30T00:47:43+00:00\",\"breadcrumb\":{\"@id\":\"https:\/\/svswm-modellbahn.de\/home\/die-anlage\/technik\/#breadcrumb\"},\"inLanguage\":\"de\",\"potentialAction\":[{\"@type\":\"ReadAction\",\"target\":[\"https:\/\/svswm-modellbahn.de\/home\/die-anlage\/technik\/\"]}]},{\"@type\":\"ImageObject\",\"inLanguage\":\"de\",\"@id\":\"https:\/\/svswm-modellbahn.de\/home\/die-anlage\/technik\/#primaryimage\",\"url\":\"https:\/\/svswm-modellbahn.de\/wp-content\/uploads\/OTW-STW-1024x111.jpg\",\"contentUrl\":\"https:\/\/svswm-modellbahn.de\/wp-content\/uploads\/OTW-STW-1024x111.jpg\"},{\"@type\":\"BreadcrumbList\",\"@id\":\"https:\/\/svswm-modellbahn.de\/home\/die-anlage\/technik\/#breadcrumb\",\"itemListElement\":[{\"@type\":\"ListItem\",\"position\":1,\"name\":\"Startseite\",\"item\":\"https:\/\/svswm-modellbahn.de\/home\/\"},{\"@type\":\"ListItem\",\"position\":2,\"name\":\"Die Anlage\",\"item\":\"https:\/\/svswm-modellbahn.de\/home\/die-anlage\/\"},{\"@type\":\"ListItem\",\"position\":3,\"name\":\"Technik\"}]},{\"@type\":\"WebSite\",\"@id\":\"https:\/\/svswm-modellbahn.de\/home\/#website\",\"url\":\"https:\/\/svswm-modellbahn.de\/home\/\",\"name\":\"Modelleisenbahn\",\"description\":\"SV Stadtwerke M\u00fcnchen e.V.\",\"publisher\":{\"@id\":\"https:\/\/svswm-modellbahn.de\/home\/#organization\"},\"potentialAction\":[{\"@type\":\"SearchAction\",\"target\":{\"@type\":\"EntryPoint\",\"urlTemplate\":\"https:\/\/svswm-modellbahn.de\/home\/?s={search_term_string}\"},\"query-input\":{\"@type\":\"PropertyValueSpecification\",\"valueRequired\":true,\"valueName\":\"search_term_string\"}}],\"inLanguage\":\"de\"},{\"@type\":\"Organization\",\"@id\":\"https:\/\/svswm-modellbahn.de\/home\/#organization\",\"name\":\"Abteilung Modelleisenbahn SV Stadtwerke M\u00fcnchen e.V.\",\"url\":\"https:\/\/svswm-modellbahn.de\/home\/\",\"logo\":{\"@type\":\"ImageObject\",\"inLanguage\":\"de\",\"@id\":\"https:\/\/svswm-modellbahn.de\/home\/#\/schema\/logo\/image\/\",\"url\":\"http:\/\/svswm-modellbahn.de\/wp-content\/uploads\/2017\/12\/sv-stadtwerke-logo.png\",\"contentUrl\":\"http:\/\/svswm-modellbahn.de\/wp-content\/uploads\/2017\/12\/sv-stadtwerke-logo.png\",\"width\":129,\"height\":150,\"caption\":\"Abteilung Modelleisenbahn SV Stadtwerke M\u00fcnchen e.V.\"},\"image\":{\"@id\":\"https:\/\/svswm-modellbahn.de\/home\/#\/schema\/logo\/image\/\"},\"sameAs\":[\"https:\/\/www.instagram.com\/ssm_modellbahnclub_muenchen\/\"]}]}<\/script>\n<!-- \/ Yoast SEO plugin. -->","yoast_head_json":{"title":"Technik - Modelleisenbahn","robots":{"index":"index","follow":"follow","max-snippet":"max-snippet:-1","max-image-preview":"max-image-preview:large","max-video-preview":"max-video-preview:-1"},"canonical":"https:\/\/svswm-modellbahn.de\/home\/die-anlage\/technik\/","og_locale":"de_DE","og_type":"article","og_title":"Technik - Modelleisenbahn","og_description":"kurz erkl\u00e4rt: Momentan wird unsere analogen Gleichstrom Anlage noch zum gro\u00dfen Teil &#8222;provisorisch&#8220; mithilfe von einfachen Diodenmatrixen gesteuert. Wir befinden uns Momentan in einer Testphase f\u00fcr die zuk\u00fcnftige Anlagensteuerung. Diese wird wie folgt aussehen:Weichen und Fahr- bzw. Rangierstra\u00dfen werden mit einem Computerprogamm \u00fcber eine Oberfl\u00e4che auf der Basis eines Spurplanstellwerkes [&hellip;]","og_url":"https:\/\/svswm-modellbahn.de\/home\/die-anlage\/technik\/","og_site_name":"Modelleisenbahn","article_modified_time":"2021-08-30T00:47:43+00:00","og_image":[{"url":"https:\/\/svswm-modellbahn.de\/wp-content\/uploads\/OTW-STW-1024x111.jpg","type":"","width":"","height":""}],"twitter_card":"summary_large_image","twitter_misc":{"Gesch\u00e4tzte Lesezeit":"3\u00a0Minuten"},"schema":{"@context":"https:\/\/schema.org","@graph":[{"@type":"WebPage","@id":"https:\/\/svswm-modellbahn.de\/home\/die-anlage\/technik\/","url":"https:\/\/svswm-modellbahn.de\/home\/die-anlage\/technik\/","name":"Technik - Modelleisenbahn","isPartOf":{"@id":"https:\/\/svswm-modellbahn.de\/home\/#website"},"primaryImageOfPage":{"@id":"https:\/\/svswm-modellbahn.de\/home\/die-anlage\/technik\/#primaryimage"},"image":{"@id":"https:\/\/svswm-modellbahn.de\/home\/die-anlage\/technik\/#primaryimage"},"thumbnailUrl":"https:\/\/svswm-modellbahn.de\/wp-content\/uploads\/OTW-STW-1024x111.jpg","datePublished":"2017-12-23T12:52:19+00:00","dateModified":"2021-08-30T00:47:43+00:00","breadcrumb":{"@id":"https:\/\/svswm-modellbahn.de\/home\/die-anlage\/technik\/#breadcrumb"},"inLanguage":"de","potentialAction":[{"@type":"ReadAction","target":["https:\/\/svswm-modellbahn.de\/home\/die-anlage\/technik\/"]}]},{"@type":"ImageObject","inLanguage":"de","@id":"https:\/\/svswm-modellbahn.de\/home\/die-anlage\/technik\/#primaryimage","url":"https:\/\/svswm-modellbahn.de\/wp-content\/uploads\/OTW-STW-1024x111.jpg","contentUrl":"https:\/\/svswm-modellbahn.de\/wp-content\/uploads\/OTW-STW-1024x111.jpg"},{"@type":"BreadcrumbList","@id":"https:\/\/svswm-modellbahn.de\/home\/die-anlage\/technik\/#breadcrumb","itemListElement":[{"@type":"ListItem","position":1,"name":"Startseite","item":"https:\/\/svswm-modellbahn.de\/home\/"},{"@type":"ListItem","position":2,"name":"Die Anlage","item":"https:\/\/svswm-modellbahn.de\/home\/die-anlage\/"},{"@type":"ListItem","position":3,"name":"Technik"}]},{"@type":"WebSite","@id":"https:\/\/svswm-modellbahn.de\/home\/#website","url":"https:\/\/svswm-modellbahn.de\/home\/","name":"Modelleisenbahn","description":"SV Stadtwerke M\u00fcnchen e.V.","publisher":{"@id":"https:\/\/svswm-modellbahn.de\/home\/#organization"},"potentialAction":[{"@type":"SearchAction","target":{"@type":"EntryPoint","urlTemplate":"https:\/\/svswm-modellbahn.de\/home\/?s={search_term_string}"},"query-input":{"@type":"PropertyValueSpecification","valueRequired":true,"valueName":"search_term_string"}}],"inLanguage":"de"},{"@type":"Organization","@id":"https:\/\/svswm-modellbahn.de\/home\/#organization","name":"Abteilung Modelleisenbahn SV Stadtwerke M\u00fcnchen e.V.","url":"https:\/\/svswm-modellbahn.de\/home\/","logo":{"@type":"ImageObject","inLanguage":"de","@id":"https:\/\/svswm-modellbahn.de\/home\/#\/schema\/logo\/image\/","url":"http:\/\/svswm-modellbahn.de\/wp-content\/uploads\/2017\/12\/sv-stadtwerke-logo.png","contentUrl":"http:\/\/svswm-modellbahn.de\/wp-content\/uploads\/2017\/12\/sv-stadtwerke-logo.png","width":129,"height":150,"caption":"Abteilung Modelleisenbahn SV Stadtwerke M\u00fcnchen e.V."},"image":{"@id":"https:\/\/svswm-modellbahn.de\/home\/#\/schema\/logo\/image\/"},"sameAs":["https:\/\/www.instagram.com\/ssm_modellbahnclub_muenchen\/"]}]}},"_links":{"self":[{"href":"https:\/\/svswm-modellbahn.de\/home\/wp-json\/wp\/v2\/pages\/62","targetHints":{"allow":["GET"]}}],"collection":[{"href":"https:\/\/svswm-modellbahn.de\/home\/wp-json\/wp\/v2\/pages"}],"about":[{"href":"https:\/\/svswm-modellbahn.de\/home\/wp-json\/wp\/v2\/types\/page"}],"author":[{"embeddable":true,"href":"https:\/\/svswm-modellbahn.de\/home\/wp-json\/wp\/v2\/users\/1"}],"replies":[{"embeddable":true,"href":"https:\/\/svswm-modellbahn.de\/home\/wp-json\/wp\/v2\/comments?post=62"}],"version-history":[{"count":9,"href":"https:\/\/svswm-modellbahn.de\/home\/wp-json\/wp\/v2\/pages\/62\/revisions"}],"predecessor-version":[{"id":847,"href":"https:\/\/svswm-modellbahn.de\/home\/wp-json\/wp\/v2\/pages\/62\/revisions\/847"}],"up":[{"embeddable":true,"href":"https:\/\/svswm-modellbahn.de\/home\/wp-json\/wp\/v2\/pages\/47"}],"wp:attachment":[{"href":"https:\/\/svswm-modellbahn.de\/home\/wp-json\/wp\/v2\/media?parent=62"}],"curies":[{"name":"wp","href":"https:\/\/api.w.org\/{rel}","templated":true}]}}