{"id":47,"date":"2017-12-22T20:14:36","date_gmt":"2017-12-22T19:14:36","guid":{"rendered":"http:\/\/svswm-modellbahn.de\/?page_id=47"},"modified":"2021-08-30T02:02:15","modified_gmt":"2021-08-30T00:02:15","slug":"die-anlage","status":"publish","type":"page","link":"https:\/\/svswm-modellbahn.de\/home\/die-anlage\/","title":{"rendered":"Die Anlage"},"content":{"rendered":"\n<p class=\"has-text-align-center\">Bereits seit 1999 befindet sich diese Anlage in Bau. In den letzten Jahren wurden die baulichen Fortschritte immer gr\u00f6\u00dfer.<\/p>\n\n\n\n<h2 class=\"wp-block-heading\">Daten &amp; Fakten<\/h2>\n\n\n\n<div class=\"wp-block-columns is-layout-flex wp-container-core-columns-is-layout-28f84493 wp-block-columns-is-layout-flex\">\n<div class=\"wp-block-column is-layout-flow wp-block-column-is-layout-flow\" style=\"flex-basis:49%\">\n<ul class=\"wp-block-list\"><li>Baubeginn:<\/li><li>Thema<\/li><li>Epoche:<\/li><li>Ma\u00dfstab:<\/li><li>Gleisl\u00e4nge:<\/li><li>Weichen:<\/li><li>Abstellm\u00f6glichkeiten:<\/li><li>unabh\u00e4ngige Strecken:<\/li><li>Bahnh\u00f6fe:<br>davon Sichtbar:<\/li><li>Stromsystem:<br><\/li><li>Steuerung Strecken:<br><\/li><li>Steuerung Bahnh\u00f6fe<\/li><\/ul>\n<\/div>\n\n\n\n<div class=\"wp-block-column is-layout-flow wp-block-column-is-layout-flow\" style=\"flex-basis:66.66%\">\n<p>1999<br>Altm\u00fchltal<br>Epoche IV<br>1:87 (Baugr\u00f6\u00dfe H0)<br>ca. 1 km<br>378<br>200<br>7<br>11<br>5<br>International Zweileiter Gleichstrom,<br>analog<br>Automatischer Selbstblock (in<br>Testphase<br>Fahrstra\u00dfen \u00fcber Drucktasten (Diodenmatrix), teilweise Computersteuerung in Testphase<\/p>\n<\/div>\n<\/div>\n\n\n\n<p><strong>Endziel realistischer Betrieb nach Fahrplan<\/strong><\/p>\n\n\n\n<div class=\"wp-block-image\"><figure class=\"aligncenter\"><img loading=\"lazy\" decoding=\"async\" width=\"1400\" height=\"160\" src=\"http:\/\/svswm-modellbahn.de\/wp-content\/uploads\/2019\/03\/LOGO-Lang-mitte.png\" alt=\"\" class=\"wp-image-584\" srcset=\"https:\/\/svswm-modellbahn.de\/wp-content\/uploads\/2019\/03\/LOGO-Lang-mitte.png 1400w, https:\/\/svswm-modellbahn.de\/wp-content\/uploads\/2019\/03\/LOGO-Lang-mitte-300x34.png 300w, https:\/\/svswm-modellbahn.de\/wp-content\/uploads\/2019\/03\/LOGO-Lang-mitte-768x88.png 768w, https:\/\/svswm-modellbahn.de\/wp-content\/uploads\/2019\/03\/LOGO-Lang-mitte-1024x117.png 1024w, https:\/\/svswm-modellbahn.de\/wp-content\/uploads\/2019\/03\/LOGO-Lang-mitte-600x69.png 600w\" sizes=\"auto, (max-width: 1400px) 100vw, 1400px\" \/><\/figure><\/div>\n\n\n\n<p class=\"has-text-align-center\">Die Anlage besteht aus einem<strong> zentralen Schattenbahnhof (Zsbf Laim)<\/strong>, von dem 4 Hauptstrecken und eine Nebenbahn ausgehen. Die Hauptstrecken finden in der Nachbildung des Bahnhofs <strong>Treuchtlingen<\/strong> im sichtbaren Bereich wieder zusammen. Zwischen den Bahnh\u00f6fen befinden sich mehrere Zwischenbahnh\u00f6fe, wie <strong>M\u00fcndling<\/strong>, <strong>Eichst\u00e4tt<\/strong> oder <strong>Otting-Weilheim<\/strong>, alle sichtbar, die sich an ihren Orginalen orientieren.<\/p>\n\n\n\n<div class=\"alignnormal\"><div id=\"metaslider-id-831\" style=\"width: 100%;\" class=\"ml-slider-3-99-0 metaslider metaslider-flex metaslider-831 ml-slider ms-theme-default\" role=\"region\" aria-label=\"Die Anlage\" data-width=\"700\">\n    <div id=\"metaslider_container_831\">\n        <div id=\"metaslider_831\">\n            <ul class='slides'>\n                <li style=\"display: block; width: 100%;\" class=\"slide-841 ms-image \" aria-roledescription=\"slide\" data-date=\"2021-08-30 02:01:07\"><img loading=\"lazy\" decoding=\"async\" src=\"https:\/\/svswm-modellbahn.de\/wp-content\/uploads\/2019\/03\/WhatsApp-Image-2019-03-05-at-20.33.0520-700x400.jpeg\" height=\"400\" width=\"700\" alt=\"\" class=\"slider-831 slide-841 msDefaultImage\" title=\"WhatsApp Image 2019-03-05 at 20.33.05(20)\" \/><\/li>\n                <li style=\"display: none; width: 100%;\" class=\"slide-832 ms-image \" aria-roledescription=\"slide\" data-date=\"2021-08-30 02:01:06\"><img loading=\"lazy\" decoding=\"async\" src=\"https:\/\/svswm-modellbahn.de\/wp-content\/uploads\/2019\/03\/WhatsApp-Image-2019-03-05-at-20.33.051-700x400.jpeg\" height=\"400\" width=\"700\" alt=\"\" class=\"slider-831 slide-832 msDefaultImage\" title=\"WhatsApp Image 2019-03-05 at 20.33.05(1)\" \/><\/li>\n                <li style=\"display: none; width: 100%;\" class=\"slide-839 ms-image \" aria-roledescription=\"slide\" data-date=\"2021-08-30 02:01:07\"><img loading=\"lazy\" decoding=\"async\" src=\"https:\/\/svswm-modellbahn.de\/wp-content\/uploads\/2019\/03\/WhatsApp-Image-2019-03-05-at-20.33.0516-700x400.jpeg\" height=\"400\" width=\"700\" alt=\"\" class=\"slider-831 slide-839 msDefaultImage\" title=\"WhatsApp Image 2019-03-05 at 20.33.05(16)\" \/><\/li>\n                <li style=\"display: none; width: 100%;\" class=\"slide-833 ms-image \" aria-roledescription=\"slide\" data-date=\"2021-08-30 02:01:06\"><img loading=\"lazy\" decoding=\"async\" src=\"https:\/\/svswm-modellbahn.de\/wp-content\/uploads\/2019\/03\/WhatsApp-Image-2019-03-05-at-20.33.052-700x400.jpeg\" height=\"400\" width=\"700\" alt=\"\" class=\"slider-831 slide-833 msDefaultImage\" title=\"WhatsApp Image 2019-03-05 at 20.33.05(2)\" \/><\/li>\n                <li style=\"display: none; width: 100%;\" class=\"slide-834 ms-image \" aria-roledescription=\"slide\" data-date=\"2021-08-30 02:01:06\"><img loading=\"lazy\" decoding=\"async\" src=\"https:\/\/svswm-modellbahn.de\/wp-content\/uploads\/2019\/03\/WhatsApp-Image-2019-03-05-at-20.33.053-700x400.jpeg\" height=\"400\" width=\"700\" alt=\"\" class=\"slider-831 slide-834 msDefaultImage\" title=\"WhatsApp Image 2019-03-05 at 20.33.05(3)\" \/><\/li>\n                <li style=\"display: none; width: 100%;\" class=\"slide-835 ms-image \" aria-roledescription=\"slide\" data-date=\"2021-08-30 02:01:06\"><img loading=\"lazy\" decoding=\"async\" src=\"https:\/\/svswm-modellbahn.de\/wp-content\/uploads\/2019\/08\/IMG-20190430-WA0020-700x400.jpg\" height=\"400\" width=\"700\" alt=\"\" class=\"slider-831 slide-835 msDefaultImage\" title=\"IMG-20190430-WA0020\" \/><\/li>\n                <li style=\"display: none; width: 100%;\" class=\"slide-836 ms-image \" aria-roledescription=\"slide\" data-date=\"2021-08-30 02:01:06\"><img loading=\"lazy\" decoding=\"async\" src=\"https:\/\/svswm-modellbahn.de\/wp-content\/uploads\/2019\/03\/WhatsApp-Image-2019-03-05-at-20.33.141-700x400.jpeg\" height=\"400\" width=\"700\" alt=\"\" class=\"slider-831 slide-836 msDefaultImage\" title=\"WhatsApp Image 2019-03-05 at 20.33.14(1)\" \/><\/li>\n                <li style=\"display: none; width: 100%;\" class=\"slide-837 ms-image \" aria-roledescription=\"slide\" data-date=\"2021-08-30 02:01:07\"><img loading=\"lazy\" decoding=\"async\" src=\"https:\/\/svswm-modellbahn.de\/wp-content\/uploads\/2019\/03\/WhatsApp-Image-2019-03-05-at-20.33.0511-700x400.jpeg\" height=\"400\" width=\"700\" alt=\"\" class=\"slider-831 slide-837 msDefaultImage\" title=\"WhatsApp Image 2019-03-05 at 20.33.05(11)\" \/><\/li>\n                <li style=\"display: none; width: 100%;\" class=\"slide-838 ms-image \" aria-roledescription=\"slide\" data-date=\"2021-08-30 02:01:07\"><img loading=\"lazy\" decoding=\"async\" src=\"https:\/\/svswm-modellbahn.de\/wp-content\/uploads\/2019\/03\/WhatsApp-Image-2019-03-05-at-20.33.0510-700x400.jpeg\" height=\"400\" width=\"700\" alt=\"\" class=\"slider-831 slide-838 msDefaultImage\" title=\"WhatsApp Image 2019-03-05 at 20.33.05(10)\" \/><\/li>\n                <li style=\"display: none; width: 100%;\" class=\"slide-840 ms-image \" aria-roledescription=\"slide\" data-date=\"2021-08-30 02:01:07\"><img loading=\"lazy\" decoding=\"async\" src=\"https:\/\/svswm-modellbahn.de\/wp-content\/uploads\/2019\/03\/WhatsApp-Image-2019-03-05-at-20.33.0519-700x400.jpeg\" height=\"400\" width=\"700\" alt=\"\" class=\"slider-831 slide-840 msDefaultImage\" title=\"WhatsApp Image 2019-03-05 at 20.33.05(19)\" \/><\/li>\n            <\/ul>\n        <\/div>\n        \n    <\/div>\n<\/div><\/div>\n\n\n\n<p class=\"has-text-align-center\">Neben den Hauptstrecken bietet die Anlage ein umfangreiches Nebenbahnnetz, welches von den Hauptstrecken und Bahnh\u00f6fen abzweigt und sich in Form von eingleisigen Dieselstrecken durch viele Teile der Anlage erstreckt. Zentraler Punkt der Nebenbahn ist der nicht sichtbare Bahnhof <strong>Kreuzstra\u00dfe<\/strong>, welcher Laim, Eichst\u00e4tt, den <strong>Werkstattbahnhof Rennertshofen<\/strong> und Treuchtlingen \u00fcber <strong>H\u00f6llriegelskreuth<\/strong> (sichtbar), miteinander verbindet. Zus\u00e4tzlich zum zentralen Schattenbahnhof Laim mit 21 Abstellgleisen sind die Schattenbahnh\u00f6fe <strong>M\u00fcnchen Ost<\/strong>, ca. 60 Abstellm\u00f6glichkeiten und Drehscheibe, <strong>Pasing West<\/strong>, 36 Abstellm\u00f6glichkeiten und <strong>Ingolstadt<\/strong>, 24 Abstellm\u00f6glichkeiten \u00fcber die Abzweigstelle Pleinfeld von Laim aus zu erreichen.<\/p>\n\n\n\n<figure class=\"wp-block-image size-large\"><img loading=\"lazy\" decoding=\"async\" width=\"1024\" height=\"117\" src=\"http:\/\/svswm-modellbahn.de\/wp-content\/uploads\/2019\/03\/LOGO-Lang-mitte-1024x117.png\" alt=\"\" class=\"wp-image-584\" srcset=\"https:\/\/svswm-modellbahn.de\/wp-content\/uploads\/2019\/03\/LOGO-Lang-mitte-1024x117.png 1024w, https:\/\/svswm-modellbahn.de\/wp-content\/uploads\/2019\/03\/LOGO-Lang-mitte-300x34.png 300w, https:\/\/svswm-modellbahn.de\/wp-content\/uploads\/2019\/03\/LOGO-Lang-mitte-768x88.png 768w, https:\/\/svswm-modellbahn.de\/wp-content\/uploads\/2019\/03\/LOGO-Lang-mitte-600x69.png 600w, https:\/\/svswm-modellbahn.de\/wp-content\/uploads\/2019\/03\/LOGO-Lang-mitte.png 1400w\" sizes=\"auto, (max-width: 1024px) 100vw, 1024px\" \/><\/figure>\n\n\n<iframe id=\"s_pdf_frame\" src=\"\/\/docs.google.com\/gview?embedded=true&url=http:\/\/svswm-modellbahn.de\/wp-content\/uploads\/2018\/01\/SSM_Gleisplan-Treuchtlingen.pdf\" style=\"width: 100%; height:600px;\" frameborder=\"0\"><\/iframe>\n\n\n\n<p class=\"has-text-align-center\">Ein detaillierter Gleisplan unserer Anlage ist <a href=\"http:\/\/svswm-modellbahn.de\/home\/2018\/01\/08\/neuer-gleisplan\/\">hier<\/a> zu finden.<\/p>\n\n\n\n<p class=\"has-text-align-center\">Im Fahrbetrieb befinden sich an den Knotenpunkten Laim und Treuchtlingen jeweils zwei Fahrdienstleiter. Der Bahnhof H\u00f6llriegelskreuth &nbsp;wird von einem Fahrdienstleiter gesteuert. Die Bahnh\u00f6fe M\u00fcndling, Eichst\u00e4tt und Kreuzstra\u00dfe werden zusammen von einer Person gesteuert. Die Bahnh\u00f6fe Otting-Weilheim, Pasing-West und M\u00fcnchen Ost werden auch zusammen von einem Fahrdienstleiter betreut. Der Bahnhof Ingolstadt f\u00e4llt in den Zust\u00e4ndigkeitsbereich des Bahnhofs Laim. Somit sind insgesamt sieben Fahrdienstleiter n\u00f6tig, um alle Stellen zu besetzen und den gr\u00f6\u00dftm\u00f6glichen Fahrbetrieb von \u00fcber 20 Z\u00fcgen gleichzeitig zu erm\u00f6glichen. Allerdings ist es auch m\u00f6glich mit weniger Personal die Anlage zu bedienen.<\/p>\n\n\n\n<p>Genauere Infos zu der <a href=\"http:\/\/svswm-modellbahn.de\/home\/die-anlage\/historie\/\">Historie<\/a> und der <a href=\"http:\/\/svswm-modellbahn.de\/home\/die-anlage\/technik\/\">Technik<\/a> erhalten Sie <a href=\"http:\/\/svswm-modellbahn.de\/home\/die-anlage\/technik\/\">hier<\/a>.<\/p>\n\n\n\n<figure class=\"wp-block-image size-large\"><img loading=\"lazy\" decoding=\"async\" width=\"1024\" height=\"117\" src=\"http:\/\/svswm-modellbahn.de\/wp-content\/uploads\/2019\/03\/LOGO-Lang-mitte-1024x117.png\" alt=\"\" class=\"wp-image-584\" srcset=\"https:\/\/svswm-modellbahn.de\/wp-content\/uploads\/2019\/03\/LOGO-Lang-mitte-1024x117.png 1024w, https:\/\/svswm-modellbahn.de\/wp-content\/uploads\/2019\/03\/LOGO-Lang-mitte-300x34.png 300w, https:\/\/svswm-modellbahn.de\/wp-content\/uploads\/2019\/03\/LOGO-Lang-mitte-768x88.png 768w, https:\/\/svswm-modellbahn.de\/wp-content\/uploads\/2019\/03\/LOGO-Lang-mitte-600x69.png 600w, https:\/\/svswm-modellbahn.de\/wp-content\/uploads\/2019\/03\/LOGO-Lang-mitte.png 1400w\" sizes=\"auto, (max-width: 1024px) 100vw, 1024px\" \/><\/figure>\n\n\n\n<figure class=\"wp-block-embed is-type-video is-provider-youtube wp-block-embed-youtube wp-embed-aspect-16-9 wp-has-aspect-ratio\"><div class=\"wp-block-embed__wrapper\">\n<iframe loading=\"lazy\" title=\"SV  Stadtwerke M\u00fcnchen Videofahrt  12 09 2015\" width=\"750\" height=\"422\" src=\"https:\/\/www.youtube.com\/embed\/BYAKgDF1fNM?feature=oembed\" frameborder=\"0\" allow=\"accelerometer; autoplay; clipboard-write; encrypted-media; gyroscope; picture-in-picture\" allowfullscreen><\/iframe>\n<\/div><\/figure>\n\n\n\n<p class=\"has-text-align-center\">Hier zu sehen eine Videofahrt aus dem Jahr 2015. Seit dem hat schon viel ver\u00e4ndert, und die n\u00e4chste Videofahrt ist schon in Planung. Genauere Infos zu dieser Videofahrt sind <a href=\"http:\/\/svswm-modellbahn.de\/home\/videofahrten\/\">HIER<\/a> zu finden.<\/p>\n","protected":false},"excerpt":{"rendered":"<p>Bereits seit 1999 befindet sich diese Anlage in Bau. In den letzten Jahren wurden die baulichen Fortschritte immer gr\u00f6\u00dfer. Daten &amp; Fakten Baubeginn: Thema Epoche: Ma\u00dfstab: Gleisl\u00e4nge: Weichen: Abstellm\u00f6glichkeiten: unabh\u00e4ngige Strecken: Bahnh\u00f6fe:davon Sichtbar: Stromsystem: Steuerung Strecken: Steuerung Bahnh\u00f6fe 1999Altm\u00fchltalEpoche IV1:87 (Baugr\u00f6\u00dfe H0)ca. 1 km3782007115International Zweileiter Gleichstrom,analogAutomatischer Selbstblock (inTestphaseFahrstra\u00dfen \u00fcber Drucktasten [&hellip;]<\/p>\n","protected":false},"author":1,"featured_media":0,"parent":0,"menu_order":0,"comment_status":"closed","ping_status":"closed","template":"","meta":{"footnotes":""},"class_list":["post-47","page","type-page","status-publish","hentry"],"yoast_head":"<!-- This site is optimized with the Yoast SEO plugin v25.4 - https:\/\/yoast.com\/wordpress\/plugins\/seo\/ -->\n<title>-- Anlage -- Modelleisenbahn SV Stadtwerke M\u00fcnchen -- MEC M\u00fcnchen --<\/title>\n<meta name=\"description\" content=\"---- Sportverein Stadtwerke M\u00fcnchen e.V. Abteilung Modelleisenbahn ---- Hier stellen wir unsere Anlage vor! \u00dcber 1000 Meter Gleis &amp; 400 Weichen...\" \/>\n<meta name=\"robots\" content=\"index, follow, max-snippet:-1, max-image-preview:large, max-video-preview:-1\" \/>\n<link rel=\"canonical\" href=\"https:\/\/svswm-modellbahn.de\/home\/die-anlage\/\" \/>\n<meta property=\"og:locale\" content=\"de_DE\" \/>\n<meta property=\"og:type\" content=\"article\" \/>\n<meta property=\"og:title\" content=\"-- Anlage -- Modelleisenbahn SV Stadtwerke M\u00fcnchen -- MEC M\u00fcnchen --\" \/>\n<meta property=\"og:description\" content=\"---- Sportverein Stadtwerke M\u00fcnchen e.V. Abteilung Modelleisenbahn ---- Hier stellen wir unsere Anlage vor! \u00dcber 1000 Meter Gleis &amp; 400 Weichen...\" \/>\n<meta property=\"og:url\" content=\"https:\/\/svswm-modellbahn.de\/home\/die-anlage\/\" \/>\n<meta property=\"og:site_name\" content=\"Modelleisenbahn\" \/>\n<meta property=\"article:modified_time\" content=\"2021-08-30T00:02:15+00:00\" \/>\n<meta property=\"og:image\" content=\"http:\/\/svswm-modellbahn.de\/wp-content\/uploads\/2019\/03\/LOGO-Lang-mitte.png\" \/>\n<meta name=\"twitter:card\" content=\"summary_large_image\" \/>\n<meta name=\"twitter:label1\" content=\"Gesch\u00e4tzte Lesezeit\" \/>\n\t<meta name=\"twitter:data1\" content=\"3\u00a0Minuten\" \/>\n<script type=\"application\/ld+json\" class=\"yoast-schema-graph\">{\"@context\":\"https:\/\/schema.org\",\"@graph\":[{\"@type\":\"WebPage\",\"@id\":\"https:\/\/svswm-modellbahn.de\/home\/die-anlage\/\",\"url\":\"https:\/\/svswm-modellbahn.de\/home\/die-anlage\/\",\"name\":\"-- Anlage -- Modelleisenbahn SV Stadtwerke M\u00fcnchen -- MEC M\u00fcnchen --\",\"isPartOf\":{\"@id\":\"https:\/\/svswm-modellbahn.de\/home\/#website\"},\"primaryImageOfPage\":{\"@id\":\"https:\/\/svswm-modellbahn.de\/home\/die-anlage\/#primaryimage\"},\"image\":{\"@id\":\"https:\/\/svswm-modellbahn.de\/home\/die-anlage\/#primaryimage\"},\"thumbnailUrl\":\"http:\/\/svswm-modellbahn.de\/wp-content\/uploads\/2019\/03\/LOGO-Lang-mitte.png\",\"datePublished\":\"2017-12-22T19:14:36+00:00\",\"dateModified\":\"2021-08-30T00:02:15+00:00\",\"description\":\"---- Sportverein Stadtwerke M\u00fcnchen e.V. Abteilung Modelleisenbahn ---- Hier stellen wir unsere Anlage vor! \u00dcber 1000 Meter Gleis & 400 Weichen...\",\"breadcrumb\":{\"@id\":\"https:\/\/svswm-modellbahn.de\/home\/die-anlage\/#breadcrumb\"},\"inLanguage\":\"de\",\"potentialAction\":[{\"@type\":\"ReadAction\",\"target\":[\"https:\/\/svswm-modellbahn.de\/home\/die-anlage\/\"]}]},{\"@type\":\"ImageObject\",\"inLanguage\":\"de\",\"@id\":\"https:\/\/svswm-modellbahn.de\/home\/die-anlage\/#primaryimage\",\"url\":\"http:\/\/svswm-modellbahn.de\/wp-content\/uploads\/2019\/03\/LOGO-Lang-mitte.png\",\"contentUrl\":\"http:\/\/svswm-modellbahn.de\/wp-content\/uploads\/2019\/03\/LOGO-Lang-mitte.png\"},{\"@type\":\"BreadcrumbList\",\"@id\":\"https:\/\/svswm-modellbahn.de\/home\/die-anlage\/#breadcrumb\",\"itemListElement\":[{\"@type\":\"ListItem\",\"position\":1,\"name\":\"Startseite\",\"item\":\"https:\/\/svswm-modellbahn.de\/home\/\"},{\"@type\":\"ListItem\",\"position\":2,\"name\":\"Die Anlage\"}]},{\"@type\":\"WebSite\",\"@id\":\"https:\/\/svswm-modellbahn.de\/home\/#website\",\"url\":\"https:\/\/svswm-modellbahn.de\/home\/\",\"name\":\"Modelleisenbahn\",\"description\":\"SV Stadtwerke M\u00fcnchen e.V.\",\"publisher\":{\"@id\":\"https:\/\/svswm-modellbahn.de\/home\/#organization\"},\"potentialAction\":[{\"@type\":\"SearchAction\",\"target\":{\"@type\":\"EntryPoint\",\"urlTemplate\":\"https:\/\/svswm-modellbahn.de\/home\/?s={search_term_string}\"},\"query-input\":{\"@type\":\"PropertyValueSpecification\",\"valueRequired\":true,\"valueName\":\"search_term_string\"}}],\"inLanguage\":\"de\"},{\"@type\":\"Organization\",\"@id\":\"https:\/\/svswm-modellbahn.de\/home\/#organization\",\"name\":\"Abteilung Modelleisenbahn SV Stadtwerke M\u00fcnchen e.V.\",\"url\":\"https:\/\/svswm-modellbahn.de\/home\/\",\"logo\":{\"@type\":\"ImageObject\",\"inLanguage\":\"de\",\"@id\":\"https:\/\/svswm-modellbahn.de\/home\/#\/schema\/logo\/image\/\",\"url\":\"http:\/\/svswm-modellbahn.de\/wp-content\/uploads\/2017\/12\/sv-stadtwerke-logo.png\",\"contentUrl\":\"http:\/\/svswm-modellbahn.de\/wp-content\/uploads\/2017\/12\/sv-stadtwerke-logo.png\",\"width\":129,\"height\":150,\"caption\":\"Abteilung Modelleisenbahn SV Stadtwerke M\u00fcnchen e.V.\"},\"image\":{\"@id\":\"https:\/\/svswm-modellbahn.de\/home\/#\/schema\/logo\/image\/\"},\"sameAs\":[\"https:\/\/www.instagram.com\/ssm_modellbahnclub_muenchen\/\"]}]}<\/script>\n<!-- \/ Yoast SEO plugin. -->","yoast_head_json":{"title":"-- Anlage -- Modelleisenbahn SV Stadtwerke M\u00fcnchen -- MEC M\u00fcnchen --","description":"---- Sportverein Stadtwerke M\u00fcnchen e.V. Abteilung Modelleisenbahn ---- Hier stellen wir unsere Anlage vor! \u00dcber 1000 Meter Gleis & 400 Weichen...","robots":{"index":"index","follow":"follow","max-snippet":"max-snippet:-1","max-image-preview":"max-image-preview:large","max-video-preview":"max-video-preview:-1"},"canonical":"https:\/\/svswm-modellbahn.de\/home\/die-anlage\/","og_locale":"de_DE","og_type":"article","og_title":"-- Anlage -- Modelleisenbahn SV Stadtwerke M\u00fcnchen -- MEC M\u00fcnchen --","og_description":"---- Sportverein Stadtwerke M\u00fcnchen e.V. Abteilung Modelleisenbahn ---- Hier stellen wir unsere Anlage vor! \u00dcber 1000 Meter Gleis & 400 Weichen...","og_url":"https:\/\/svswm-modellbahn.de\/home\/die-anlage\/","og_site_name":"Modelleisenbahn","article_modified_time":"2021-08-30T00:02:15+00:00","og_image":[{"url":"http:\/\/svswm-modellbahn.de\/wp-content\/uploads\/2019\/03\/LOGO-Lang-mitte.png","type":"","width":"","height":""}],"twitter_card":"summary_large_image","twitter_misc":{"Gesch\u00e4tzte Lesezeit":"3\u00a0Minuten"},"schema":{"@context":"https:\/\/schema.org","@graph":[{"@type":"WebPage","@id":"https:\/\/svswm-modellbahn.de\/home\/die-anlage\/","url":"https:\/\/svswm-modellbahn.de\/home\/die-anlage\/","name":"-- Anlage -- Modelleisenbahn SV Stadtwerke M\u00fcnchen -- MEC M\u00fcnchen --","isPartOf":{"@id":"https:\/\/svswm-modellbahn.de\/home\/#website"},"primaryImageOfPage":{"@id":"https:\/\/svswm-modellbahn.de\/home\/die-anlage\/#primaryimage"},"image":{"@id":"https:\/\/svswm-modellbahn.de\/home\/die-anlage\/#primaryimage"},"thumbnailUrl":"http:\/\/svswm-modellbahn.de\/wp-content\/uploads\/2019\/03\/LOGO-Lang-mitte.png","datePublished":"2017-12-22T19:14:36+00:00","dateModified":"2021-08-30T00:02:15+00:00","description":"---- Sportverein Stadtwerke M\u00fcnchen e.V. Abteilung Modelleisenbahn ---- Hier stellen wir unsere Anlage vor! \u00dcber 1000 Meter Gleis & 400 Weichen...","breadcrumb":{"@id":"https:\/\/svswm-modellbahn.de\/home\/die-anlage\/#breadcrumb"},"inLanguage":"de","potentialAction":[{"@type":"ReadAction","target":["https:\/\/svswm-modellbahn.de\/home\/die-anlage\/"]}]},{"@type":"ImageObject","inLanguage":"de","@id":"https:\/\/svswm-modellbahn.de\/home\/die-anlage\/#primaryimage","url":"http:\/\/svswm-modellbahn.de\/wp-content\/uploads\/2019\/03\/LOGO-Lang-mitte.png","contentUrl":"http:\/\/svswm-modellbahn.de\/wp-content\/uploads\/2019\/03\/LOGO-Lang-mitte.png"},{"@type":"BreadcrumbList","@id":"https:\/\/svswm-modellbahn.de\/home\/die-anlage\/#breadcrumb","itemListElement":[{"@type":"ListItem","position":1,"name":"Startseite","item":"https:\/\/svswm-modellbahn.de\/home\/"},{"@type":"ListItem","position":2,"name":"Die Anlage"}]},{"@type":"WebSite","@id":"https:\/\/svswm-modellbahn.de\/home\/#website","url":"https:\/\/svswm-modellbahn.de\/home\/","name":"Modelleisenbahn","description":"SV Stadtwerke M\u00fcnchen e.V.","publisher":{"@id":"https:\/\/svswm-modellbahn.de\/home\/#organization"},"potentialAction":[{"@type":"SearchAction","target":{"@type":"EntryPoint","urlTemplate":"https:\/\/svswm-modellbahn.de\/home\/?s={search_term_string}"},"query-input":{"@type":"PropertyValueSpecification","valueRequired":true,"valueName":"search_term_string"}}],"inLanguage":"de"},{"@type":"Organization","@id":"https:\/\/svswm-modellbahn.de\/home\/#organization","name":"Abteilung Modelleisenbahn SV Stadtwerke M\u00fcnchen e.V.","url":"https:\/\/svswm-modellbahn.de\/home\/","logo":{"@type":"ImageObject","inLanguage":"de","@id":"https:\/\/svswm-modellbahn.de\/home\/#\/schema\/logo\/image\/","url":"http:\/\/svswm-modellbahn.de\/wp-content\/uploads\/2017\/12\/sv-stadtwerke-logo.png","contentUrl":"http:\/\/svswm-modellbahn.de\/wp-content\/uploads\/2017\/12\/sv-stadtwerke-logo.png","width":129,"height":150,"caption":"Abteilung Modelleisenbahn SV Stadtwerke M\u00fcnchen e.V."},"image":{"@id":"https:\/\/svswm-modellbahn.de\/home\/#\/schema\/logo\/image\/"},"sameAs":["https:\/\/www.instagram.com\/ssm_modellbahnclub_muenchen\/"]}]}},"_links":{"self":[{"href":"https:\/\/svswm-modellbahn.de\/home\/wp-json\/wp\/v2\/pages\/47","targetHints":{"allow":["GET"]}}],"collection":[{"href":"https:\/\/svswm-modellbahn.de\/home\/wp-json\/wp\/v2\/pages"}],"about":[{"href":"https:\/\/svswm-modellbahn.de\/home\/wp-json\/wp\/v2\/types\/page"}],"author":[{"embeddable":true,"href":"https:\/\/svswm-modellbahn.de\/home\/wp-json\/wp\/v2\/users\/1"}],"replies":[{"embeddable":true,"href":"https:\/\/svswm-modellbahn.de\/home\/wp-json\/wp\/v2\/comments?post=47"}],"version-history":[{"count":53,"href":"https:\/\/svswm-modellbahn.de\/home\/wp-json\/wp\/v2\/pages\/47\/revisions"}],"predecessor-version":[{"id":842,"href":"https:\/\/svswm-modellbahn.de\/home\/wp-json\/wp\/v2\/pages\/47\/revisions\/842"}],"wp:attachment":[{"href":"https:\/\/svswm-modellbahn.de\/home\/wp-json\/wp\/v2\/media?parent=47"}],"curies":[{"name":"wp","href":"https:\/\/api.w.org\/{rel}","templated":true}]}}