{"id":32,"date":"2017-12-22T20:03:29","date_gmt":"2017-12-22T19:03:29","guid":{"rendered":"http:\/\/svswm-modellbahn.de\/?page_id=32"},"modified":"2022-07-30T13:12:35","modified_gmt":"2022-07-30T11:12:35","slug":"verein","status":"publish","type":"page","link":"https:\/\/svswm-modellbahn.de\/home\/verein\/","title":{"rendered":"Verein"},"content":{"rendered":"<p style=\"text-align: center;\"><img loading=\"lazy\" decoding=\"async\" class=\"aligncenter size-full wp-image-584\" src=\"http:\/\/svswm-modellbahn.de\/wp-content\/uploads\/2019\/03\/LOGO-Lang-mitte.png\" alt=\"\" width=\"1400\" height=\"160\" srcset=\"https:\/\/svswm-modellbahn.de\/wp-content\/uploads\/2019\/03\/LOGO-Lang-mitte.png 1400w, https:\/\/svswm-modellbahn.de\/wp-content\/uploads\/2019\/03\/LOGO-Lang-mitte-300x34.png 300w, https:\/\/svswm-modellbahn.de\/wp-content\/uploads\/2019\/03\/LOGO-Lang-mitte-768x88.png 768w, https:\/\/svswm-modellbahn.de\/wp-content\/uploads\/2019\/03\/LOGO-Lang-mitte-1024x117.png 1024w, https:\/\/svswm-modellbahn.de\/wp-content\/uploads\/2019\/03\/LOGO-Lang-mitte-600x69.png 600w\" sizes=\"auto, (max-width: 1400px) 100vw, 1400px\" \/>Wir sind eine Abteilung des Vereins <a href=\"http:\/\/www.sv-stadtwerke-muenchen.de\/index.html\">Sportverein Stadtwerke M\u00fcnchen e.V<\/a>.\u00a0 Unsere Abteilung ist mitlerweile auf etwas mehr 30 Mitglieder angewachsen. Neue Mitglieder sind jederzeit willkommen.<\/p>\n<p style=\"text-align: center;\">Mitglieder m\u00fcssen nicht den Stadtwerke M\u00fcnchen angeh\u00f6ren.<\/p>\n<p style=\"text-align: center;\">Der Mitgliedsbeitrag bel\u00e4uft sich f\u00fcr Sch\u00fcler\/Azubis\/Studenten auf 60\u20ac pro Jahr und f\u00fcr Erwachsene auf 120\u20ac pro Jahr.<\/p>\n<p><img loading=\"lazy\" decoding=\"async\" class=\"aligncenter size-full wp-image-584\" src=\"http:\/\/svswm-modellbahn.de\/wp-content\/uploads\/2019\/03\/LOGO-Lang-mitte.png\" alt=\"\" width=\"1400\" height=\"160\" srcset=\"https:\/\/svswm-modellbahn.de\/wp-content\/uploads\/2019\/03\/LOGO-Lang-mitte.png 1400w, https:\/\/svswm-modellbahn.de\/wp-content\/uploads\/2019\/03\/LOGO-Lang-mitte-300x34.png 300w, https:\/\/svswm-modellbahn.de\/wp-content\/uploads\/2019\/03\/LOGO-Lang-mitte-768x88.png 768w, https:\/\/svswm-modellbahn.de\/wp-content\/uploads\/2019\/03\/LOGO-Lang-mitte-1024x117.png 1024w, https:\/\/svswm-modellbahn.de\/wp-content\/uploads\/2019\/03\/LOGO-Lang-mitte-600x69.png 600w\" sizes=\"auto, (max-width: 1400px) 100vw, 1400px\" \/><\/p>\n","protected":false},"excerpt":{"rendered":"<p>Wir sind eine Abteilung des Vereins Sportverein Stadtwerke M\u00fcnchen e.V.\u00a0 Unsere Abteilung ist mitlerweile auf etwas mehr 30 Mitglieder angewachsen. Neue Mitglieder sind jederzeit willkommen. Mitglieder m\u00fcssen nicht den Stadtwerke M\u00fcnchen angeh\u00f6ren. Der Mitgliedsbeitrag bel\u00e4uft sich f\u00fcr Sch\u00fcler\/Azubis\/Studenten auf 60\u20ac pro Jahr und f\u00fcr Erwachsene auf 120\u20ac pro Jahr.<\/p>\n","protected":false},"author":1,"featured_media":0,"parent":0,"menu_order":0,"comment_status":"closed","ping_status":"closed","template":"","meta":{"footnotes":""},"class_list":["post-32","page","type-page","status-publish","hentry"],"yoast_head":"<!-- This site is optimized with the Yoast SEO plugin v25.4 - https:\/\/yoast.com\/wordpress\/plugins\/seo\/ -->\n<title>Verein - Modelleisenbahn<\/title>\n<meta name=\"robots\" content=\"index, follow, max-snippet:-1, max-image-preview:large, max-video-preview:-1\" \/>\n<link rel=\"canonical\" href=\"https:\/\/svswm-modellbahn.de\/home\/verein\/\" \/>\n<meta property=\"og:locale\" content=\"de_DE\" \/>\n<meta property=\"og:type\" content=\"article\" \/>\n<meta property=\"og:title\" content=\"Verein - Modelleisenbahn\" \/>\n<meta property=\"og:description\" content=\"Wir sind eine Abteilung des Vereins Sportverein Stadtwerke M\u00fcnchen e.V.\u00a0 Unsere Abteilung ist mitlerweile auf etwas mehr 30 Mitglieder angewachsen. Neue Mitglieder sind jederzeit willkommen. Mitglieder m\u00fcssen nicht den Stadtwerke M\u00fcnchen angeh\u00f6ren. Der Mitgliedsbeitrag bel\u00e4uft sich f\u00fcr Sch\u00fcler\/Azubis\/Studenten auf 60\u20ac pro Jahr und f\u00fcr Erwachsene auf 120\u20ac pro Jahr.\" \/>\n<meta property=\"og:url\" content=\"https:\/\/svswm-modellbahn.de\/home\/verein\/\" \/>\n<meta property=\"og:site_name\" content=\"Modelleisenbahn\" \/>\n<meta property=\"article:modified_time\" content=\"2022-07-30T11:12:35+00:00\" \/>\n<meta property=\"og:image\" content=\"http:\/\/svswm-modellbahn.de\/wp-content\/uploads\/2019\/03\/LOGO-Lang-mitte.png\" \/>\n<meta name=\"twitter:card\" content=\"summary_large_image\" \/>\n<meta name=\"twitter:label1\" content=\"Gesch\u00e4tzte Lesezeit\" \/>\n\t<meta name=\"twitter:data1\" content=\"1\u00a0Minute\" \/>\n<script type=\"application\/ld+json\" class=\"yoast-schema-graph\">{\"@context\":\"https:\/\/schema.org\",\"@graph\":[{\"@type\":\"WebPage\",\"@id\":\"https:\/\/svswm-modellbahn.de\/home\/verein\/\",\"url\":\"https:\/\/svswm-modellbahn.de\/home\/verein\/\",\"name\":\"Verein - Modelleisenbahn\",\"isPartOf\":{\"@id\":\"https:\/\/svswm-modellbahn.de\/home\/#website\"},\"primaryImageOfPage\":{\"@id\":\"https:\/\/svswm-modellbahn.de\/home\/verein\/#primaryimage\"},\"image\":{\"@id\":\"https:\/\/svswm-modellbahn.de\/home\/verein\/#primaryimage\"},\"thumbnailUrl\":\"http:\/\/svswm-modellbahn.de\/wp-content\/uploads\/2019\/03\/LOGO-Lang-mitte.png\",\"datePublished\":\"2017-12-22T19:03:29+00:00\",\"dateModified\":\"2022-07-30T11:12:35+00:00\",\"breadcrumb\":{\"@id\":\"https:\/\/svswm-modellbahn.de\/home\/verein\/#breadcrumb\"},\"inLanguage\":\"de\",\"potentialAction\":[{\"@type\":\"ReadAction\",\"target\":[\"https:\/\/svswm-modellbahn.de\/home\/verein\/\"]}]},{\"@type\":\"ImageObject\",\"inLanguage\":\"de\",\"@id\":\"https:\/\/svswm-modellbahn.de\/home\/verein\/#primaryimage\",\"url\":\"http:\/\/svswm-modellbahn.de\/wp-content\/uploads\/2019\/03\/LOGO-Lang-mitte.png\",\"contentUrl\":\"http:\/\/svswm-modellbahn.de\/wp-content\/uploads\/2019\/03\/LOGO-Lang-mitte.png\"},{\"@type\":\"BreadcrumbList\",\"@id\":\"https:\/\/svswm-modellbahn.de\/home\/verein\/#breadcrumb\",\"itemListElement\":[{\"@type\":\"ListItem\",\"position\":1,\"name\":\"Startseite\",\"item\":\"https:\/\/svswm-modellbahn.de\/home\/\"},{\"@type\":\"ListItem\",\"position\":2,\"name\":\"Verein\"}]},{\"@type\":\"WebSite\",\"@id\":\"https:\/\/svswm-modellbahn.de\/home\/#website\",\"url\":\"https:\/\/svswm-modellbahn.de\/home\/\",\"name\":\"Modelleisenbahn\",\"description\":\"SV Stadtwerke M\u00fcnchen e.V.\",\"publisher\":{\"@id\":\"https:\/\/svswm-modellbahn.de\/home\/#organization\"},\"potentialAction\":[{\"@type\":\"SearchAction\",\"target\":{\"@type\":\"EntryPoint\",\"urlTemplate\":\"https:\/\/svswm-modellbahn.de\/home\/?s={search_term_string}\"},\"query-input\":{\"@type\":\"PropertyValueSpecification\",\"valueRequired\":true,\"valueName\":\"search_term_string\"}}],\"inLanguage\":\"de\"},{\"@type\":\"Organization\",\"@id\":\"https:\/\/svswm-modellbahn.de\/home\/#organization\",\"name\":\"Abteilung Modelleisenbahn SV Stadtwerke M\u00fcnchen e.V.\",\"url\":\"https:\/\/svswm-modellbahn.de\/home\/\",\"logo\":{\"@type\":\"ImageObject\",\"inLanguage\":\"de\",\"@id\":\"https:\/\/svswm-modellbahn.de\/home\/#\/schema\/logo\/image\/\",\"url\":\"http:\/\/svswm-modellbahn.de\/wp-content\/uploads\/2017\/12\/sv-stadtwerke-logo.png\",\"contentUrl\":\"http:\/\/svswm-modellbahn.de\/wp-content\/uploads\/2017\/12\/sv-stadtwerke-logo.png\",\"width\":129,\"height\":150,\"caption\":\"Abteilung Modelleisenbahn SV Stadtwerke M\u00fcnchen e.V.\"},\"image\":{\"@id\":\"https:\/\/svswm-modellbahn.de\/home\/#\/schema\/logo\/image\/\"},\"sameAs\":[\"https:\/\/www.instagram.com\/ssm_modellbahnclub_muenchen\/\"]}]}<\/script>\n<!-- \/ Yoast SEO plugin. -->","yoast_head_json":{"title":"Verein - Modelleisenbahn","robots":{"index":"index","follow":"follow","max-snippet":"max-snippet:-1","max-image-preview":"max-image-preview:large","max-video-preview":"max-video-preview:-1"},"canonical":"https:\/\/svswm-modellbahn.de\/home\/verein\/","og_locale":"de_DE","og_type":"article","og_title":"Verein - Modelleisenbahn","og_description":"Wir sind eine Abteilung des Vereins Sportverein Stadtwerke M\u00fcnchen e.V.\u00a0 Unsere Abteilung ist mitlerweile auf etwas mehr 30 Mitglieder angewachsen. Neue Mitglieder sind jederzeit willkommen. Mitglieder m\u00fcssen nicht den Stadtwerke M\u00fcnchen angeh\u00f6ren. Der Mitgliedsbeitrag bel\u00e4uft sich f\u00fcr Sch\u00fcler\/Azubis\/Studenten auf 60\u20ac pro Jahr und f\u00fcr Erwachsene auf 120\u20ac pro Jahr.","og_url":"https:\/\/svswm-modellbahn.de\/home\/verein\/","og_site_name":"Modelleisenbahn","article_modified_time":"2022-07-30T11:12:35+00:00","og_image":[{"url":"http:\/\/svswm-modellbahn.de\/wp-content\/uploads\/2019\/03\/LOGO-Lang-mitte.png","type":"","width":"","height":""}],"twitter_card":"summary_large_image","twitter_misc":{"Gesch\u00e4tzte Lesezeit":"1\u00a0Minute"},"schema":{"@context":"https:\/\/schema.org","@graph":[{"@type":"WebPage","@id":"https:\/\/svswm-modellbahn.de\/home\/verein\/","url":"https:\/\/svswm-modellbahn.de\/home\/verein\/","name":"Verein - Modelleisenbahn","isPartOf":{"@id":"https:\/\/svswm-modellbahn.de\/home\/#website"},"primaryImageOfPage":{"@id":"https:\/\/svswm-modellbahn.de\/home\/verein\/#primaryimage"},"image":{"@id":"https:\/\/svswm-modellbahn.de\/home\/verein\/#primaryimage"},"thumbnailUrl":"http:\/\/svswm-modellbahn.de\/wp-content\/uploads\/2019\/03\/LOGO-Lang-mitte.png","datePublished":"2017-12-22T19:03:29+00:00","dateModified":"2022-07-30T11:12:35+00:00","breadcrumb":{"@id":"https:\/\/svswm-modellbahn.de\/home\/verein\/#breadcrumb"},"inLanguage":"de","potentialAction":[{"@type":"ReadAction","target":["https:\/\/svswm-modellbahn.de\/home\/verein\/"]}]},{"@type":"ImageObject","inLanguage":"de","@id":"https:\/\/svswm-modellbahn.de\/home\/verein\/#primaryimage","url":"http:\/\/svswm-modellbahn.de\/wp-content\/uploads\/2019\/03\/LOGO-Lang-mitte.png","contentUrl":"http:\/\/svswm-modellbahn.de\/wp-content\/uploads\/2019\/03\/LOGO-Lang-mitte.png"},{"@type":"BreadcrumbList","@id":"https:\/\/svswm-modellbahn.de\/home\/verein\/#breadcrumb","itemListElement":[{"@type":"ListItem","position":1,"name":"Startseite","item":"https:\/\/svswm-modellbahn.de\/home\/"},{"@type":"ListItem","position":2,"name":"Verein"}]},{"@type":"WebSite","@id":"https:\/\/svswm-modellbahn.de\/home\/#website","url":"https:\/\/svswm-modellbahn.de\/home\/","name":"Modelleisenbahn","description":"SV Stadtwerke M\u00fcnchen e.V.","publisher":{"@id":"https:\/\/svswm-modellbahn.de\/home\/#organization"},"potentialAction":[{"@type":"SearchAction","target":{"@type":"EntryPoint","urlTemplate":"https:\/\/svswm-modellbahn.de\/home\/?s={search_term_string}"},"query-input":{"@type":"PropertyValueSpecification","valueRequired":true,"valueName":"search_term_string"}}],"inLanguage":"de"},{"@type":"Organization","@id":"https:\/\/svswm-modellbahn.de\/home\/#organization","name":"Abteilung Modelleisenbahn SV Stadtwerke M\u00fcnchen e.V.","url":"https:\/\/svswm-modellbahn.de\/home\/","logo":{"@type":"ImageObject","inLanguage":"de","@id":"https:\/\/svswm-modellbahn.de\/home\/#\/schema\/logo\/image\/","url":"http:\/\/svswm-modellbahn.de\/wp-content\/uploads\/2017\/12\/sv-stadtwerke-logo.png","contentUrl":"http:\/\/svswm-modellbahn.de\/wp-content\/uploads\/2017\/12\/sv-stadtwerke-logo.png","width":129,"height":150,"caption":"Abteilung Modelleisenbahn SV Stadtwerke M\u00fcnchen e.V."},"image":{"@id":"https:\/\/svswm-modellbahn.de\/home\/#\/schema\/logo\/image\/"},"sameAs":["https:\/\/www.instagram.com\/ssm_modellbahnclub_muenchen\/"]}]}},"_links":{"self":[{"href":"https:\/\/svswm-modellbahn.de\/home\/wp-json\/wp\/v2\/pages\/32","targetHints":{"allow":["GET"]}}],"collection":[{"href":"https:\/\/svswm-modellbahn.de\/home\/wp-json\/wp\/v2\/pages"}],"about":[{"href":"https:\/\/svswm-modellbahn.de\/home\/wp-json\/wp\/v2\/types\/page"}],"author":[{"embeddable":true,"href":"https:\/\/svswm-modellbahn.de\/home\/wp-json\/wp\/v2\/users\/1"}],"replies":[{"embeddable":true,"href":"https:\/\/svswm-modellbahn.de\/home\/wp-json\/wp\/v2\/comments?post=32"}],"version-history":[{"count":9,"href":"https:\/\/svswm-modellbahn.de\/home\/wp-json\/wp\/v2\/pages\/32\/revisions"}],"predecessor-version":[{"id":878,"href":"https:\/\/svswm-modellbahn.de\/home\/wp-json\/wp\/v2\/pages\/32\/revisions\/878"}],"wp:attachment":[{"href":"https:\/\/svswm-modellbahn.de\/home\/wp-json\/wp\/v2\/media?parent=32"}],"curies":[{"name":"wp","href":"https:\/\/api.w.org\/{rel}","templated":true}]}}